{"id":4791,"date":"2023-04-06T13:21:18","date_gmt":"2023-04-06T10:21:18","guid":{"rendered":"https:\/\/arkpres.com\/our-insights\/"},"modified":"2025-06-10T15:47:43","modified_gmt":"2025-06-10T12:47:43","slug":"icgorulerimiz","status":"publish","type":"page","link":"https:\/\/arkpres.com\/tr\/icgorulerimiz\/","title":{"rendered":"\u0130\u00e7g\u00f6r\u00fclerimiz"},"content":{"rendered":"\t\t<div data-elementor-type=\"wp-page\" data-elementor-id=\"4791\" class=\"elementor elementor-4791 elementor-364\" data-elementor-post-type=\"page\">\n\t\t\t\t\t\t<section class=\"elementor-section elementor-top-section elementor-element elementor-element-43b7250c elementor-section-content-middle elementor-section-boxed elementor-section-height-default elementor-section-height-default\" data-id=\"43b7250c\" data-element_type=\"section\" id=\"info_section\" data-settings=\"{&quot;background_background&quot;:&quot;classic&quot;,&quot;background_motion_fx_motion_fx_mouse&quot;:&quot;yes&quot;,&quot;background_motion_fx_mouseTrack_effect&quot;:&quot;yes&quot;,&quot;background_motion_fx_mouseTrack_speed&quot;:{&quot;unit&quot;:&quot;px&quot;,&quot;size&quot;:0.40000000000000002220446049250313080847263336181640625,&quot;sizes&quot;:[]}}\">\n\t\t\t\t\t\t<div class=\"elementor-container elementor-column-gap-no\">\n\t\t\t\t\t<div class=\"elementor-column elementor-col-100 elementor-top-column elementor-element elementor-element-99d6306\" data-id=\"99d6306\" data-element_type=\"column\">\n\t\t\t<div class=\"elementor-widget-wrap elementor-element-populated\">\n\t\t\t\t\t\t<section class=\"elementor-section elementor-inner-section elementor-element elementor-element-5672e43c elementor-section-content-middle elementor-reverse-tablet elementor-reverse-mobile elementor-section-boxed elementor-section-height-default elementor-section-height-default\" data-id=\"5672e43c\" data-element_type=\"section\" data-settings=\"{&quot;background_background&quot;:&quot;classic&quot;}\">\n\t\t\t\t\t\t<div class=\"elementor-container elementor-column-gap-no\">\n\t\t\t\t\t<div class=\"elementor-column elementor-col-50 elementor-inner-column elementor-element elementor-element-4345ec4d elementor-invisible\" data-id=\"4345ec4d\" data-element_type=\"column\" data-settings=\"{&quot;animation&quot;:&quot;fadeInLeft&quot;,&quot;background_background&quot;:&quot;classic&quot;}\">\n\t\t\t<div class=\"elementor-widget-wrap elementor-element-populated\">\n\t\t\t\t\t<div class=\"elementor-background-overlay\"><\/div>\n\t\t\t\t\t\t<div class=\"elementor-element elementor-element-7de4aa49 elementor-widget elementor-widget-heading\" data-id=\"7de4aa49\" data-element_type=\"widget\" data-widget_type=\"heading.default\">\n\t\t\t\t<div class=\"elementor-widget-container\">\n\t\t\t\t\t<h3 class=\"elementor-heading-title elementor-size-default\">Ke\u015ffedin, Ayd\u0131nlat\u0131n, \u0130lham Verin<\/h3>\t\t\t\t<\/div>\n\t\t\t\t<\/div>\n\t\t\t\t<div class=\"elementor-element elementor-element-73ebfccf elementor-widget elementor-widget-text-editor\" data-id=\"73ebfccf\" data-element_type=\"widget\" data-widget_type=\"text-editor.default\">\n\t\t\t\t<div class=\"elementor-widget-container\">\n\t\t\t\t\t\t\t\t\t<p>\u00d6nde gelen bir pasif g\u00fcvenlik ekipman\u0131 \u00fcreticisi olarak \u015firketimiz, sekt\u00f6rdeki yeniliklerin \u00f6n saflar\u0131nda yer almaktan gurur duymaktad\u0131r. M\u00fc\u015fterilerimize en y\u00fcksek kalitede \u00fcr\u00fcn ve hizmetler sunma konusunda sars\u0131lmaz bir kararl\u0131l\u0131\u011fa sahibiz ve i\u00e7g\u00f6r\u00fclerimiz ba\u015far\u0131m\u0131z\u0131 art\u0131rmam\u0131zda etkili olmu\u015ftur.<\/p>\t\t\t\t\t\t\t\t<\/div>\n\t\t\t\t<\/div>\n\t\t\t\t<div class=\"elementor-element elementor-element-7d35e587 elementor-widget elementor-widget-text-editor\" data-id=\"7d35e587\" data-element_type=\"widget\" data-widget_type=\"text-editor.default\">\n\t\t\t\t<div class=\"elementor-widget-container\">\n\t\t\t\t\t\t\t\t\t<p>Uzmanlardan olu\u015fan ekibimiz s\u00fcrekli olarak yeni trendleri ve teknolojileri izleyerek m\u00fc\u015fterilerimize geli\u015fen ihtiya\u00e7lar\u0131n\u0131 kar\u015f\u0131layan en son \u00e7\u00f6z\u00fcmleri sunmam\u0131z\u0131 sa\u011fl\u0131yor. \u0130\u00e7g\u00f6r\u00fclerimizin, son teknoloji \u00fcretim tesislerimiz ve \u00f6zverili i\u015f g\u00fcc\u00fcm\u00fczle birle\u015fti\u011finde, bizi m\u00fc\u015fterilerimizin ara\u00e7lar\u0131n\u0131n ve yolcular\u0131n\u0131n g\u00fcvenli\u011fini sa\u011flamada g\u00fcvenilir bir ortak olarak konumland\u0131rd\u0131\u011f\u0131na inan\u0131yoruz.<\/p>\t\t\t\t\t\t\t\t<\/div>\n\t\t\t\t<\/div>\n\t\t\t\t\t<\/div>\n\t\t<\/div>\n\t\t\t\t<div class=\"elementor-column elementor-col-50 elementor-inner-column elementor-element elementor-element-1a7a6040\" data-id=\"1a7a6040\" data-element_type=\"column\">\n\t\t\t<div class=\"elementor-widget-wrap elementor-element-populated\">\n\t\t\t\t\t\t<div class=\"elementor-element elementor-element-5c2903c elementor-invisible elementor-widget elementor-widget-image\" data-id=\"5c2903c\" data-element_type=\"widget\" data-settings=\"{&quot;_animation&quot;:&quot;fadeInRight&quot;}\" data-widget_type=\"image.default\">\n\t\t\t\t<div class=\"elementor-widget-container\">\n\t\t\t\t\t\t\t\t\t\t\t\t\t\t\t<img fetchpriority=\"high\" decoding=\"async\" width=\"1200\" height=\"800\" src=\"https:\/\/arkpres.com\/wp-content\/uploads\/2023\/05\/effective-innovation.jpg\" class=\"attachment-full size-full wp-image-4624\" alt=\"\" srcset=\"https:\/\/arkpres.com\/wp-content\/uploads\/2023\/05\/effective-innovation.jpg 1200w, https:\/\/arkpres.com\/wp-content\/uploads\/2023\/05\/effective-innovation-300x200.jpg 300w, https:\/\/arkpres.com\/wp-content\/uploads\/2023\/05\/effective-innovation-1024x683.jpg 1024w, https:\/\/arkpres.com\/wp-content\/uploads\/2023\/05\/effective-innovation-768x512.jpg 768w\" sizes=\"(max-width: 1200px) 100vw, 1200px\" \/>\t\t\t\t\t\t\t\t\t\t\t\t\t\t\t<\/div>\n\t\t\t\t<\/div>\n\t\t\t\t\t<\/div>\n\t\t<\/div>\n\t\t\t\t\t<\/div>\n\t\t<\/section>\n\t\t\t\t<div class=\"elementor-element elementor-element-6d05b6bc elementor-widget__width-initial elementor-widget-tablet__width-initial elementor-absolute elementor-hidden-tablet elementor-hidden-mobile elementor-invisible elementor-widget elementor-widget-spacer\" data-id=\"6d05b6bc\" data-element_type=\"widget\" data-settings=\"{&quot;_position&quot;:&quot;absolute&quot;,&quot;_animation&quot;:&quot;fadeInUp&quot;}\" data-widget_type=\"spacer.default\">\n\t\t\t\t<div class=\"elementor-widget-container\">\n\t\t\t\t\t\t\t<div class=\"elementor-spacer\">\n\t\t\t<div class=\"elementor-spacer-inner\"><\/div>\n\t\t<\/div>\n\t\t\t\t\t\t<\/div>\n\t\t\t\t<\/div>\n\t\t\t\t\t<\/div>\n\t\t<\/div>\n\t\t\t\t\t<\/div>\n\t\t<\/section>\n\t\t\t\t<section class=\"elementor-section elementor-top-section elementor-element elementor-element-209e21d elementor-section-full_width elementor-section-stretched elementor-section-height-default elementor-section-height-default\" data-id=\"209e21d\" data-element_type=\"section\" data-settings=\"{&quot;stretch_section&quot;:&quot;section-stretched&quot;}\">\n\t\t\t\t\t\t<div class=\"elementor-container elementor-column-gap-default\">\n\t\t\t\t\t<div class=\"elementor-column elementor-col-100 elementor-top-column elementor-element elementor-element-083e72d\" data-id=\"083e72d\" data-element_type=\"column\">\n\t\t\t<div class=\"elementor-widget-wrap elementor-element-populated\">\n\t\t\t\t\t\t<div class=\"elementor-element elementor-element-5ff816e elementor-widget-divider--view-line elementor-widget elementor-widget-divider\" data-id=\"5ff816e\" data-element_type=\"widget\" data-widget_type=\"divider.default\">\n\t\t\t\t<div class=\"elementor-widget-container\">\n\t\t\t\t\t\t\t<div class=\"elementor-divider\">\n\t\t\t<span class=\"elementor-divider-separator\">\n\t\t\t\t\t\t<\/span>\n\t\t<\/div>\n\t\t\t\t\t\t<\/div>\n\t\t\t\t<\/div>\n\t\t\t\t\t<\/div>\n\t\t<\/div>\n\t\t\t\t\t<\/div>\n\t\t<\/section>\n\t\t\t\t<section class=\"elementor-section elementor-top-section elementor-element elementor-element-317161d elementor-section-boxed elementor-section-height-default elementor-section-height-default\" data-id=\"317161d\" data-element_type=\"section\">\n\t\t\t\t\t\t<div class=\"elementor-container elementor-column-gap-default\">\n\t\t\t\t\t<div class=\"elementor-column elementor-col-100 elementor-top-column elementor-element elementor-element-b1efb74\" data-id=\"b1efb74\" data-element_type=\"column\">\n\t\t\t<div class=\"elementor-widget-wrap elementor-element-populated\">\n\t\t\t\t\t\t<div class=\"elementor-element elementor-element-f404e2a elementor-grid-3 elementor-grid-tablet-2 elementor-grid-mobile-1 elementor-posts--thumbnail-top elementor-widget elementor-widget-posts\" data-id=\"f404e2a\" data-element_type=\"widget\" data-settings=\"{&quot;pagination_type&quot;:&quot;numbers&quot;,&quot;classic_columns&quot;:&quot;3&quot;,&quot;classic_columns_tablet&quot;:&quot;2&quot;,&quot;classic_columns_mobile&quot;:&quot;1&quot;,&quot;classic_row_gap&quot;:{&quot;unit&quot;:&quot;px&quot;,&quot;size&quot;:35,&quot;sizes&quot;:[]},&quot;classic_row_gap_tablet&quot;:{&quot;unit&quot;:&quot;px&quot;,&quot;size&quot;:&quot;&quot;,&quot;sizes&quot;:[]},&quot;classic_row_gap_mobile&quot;:{&quot;unit&quot;:&quot;px&quot;,&quot;size&quot;:&quot;&quot;,&quot;sizes&quot;:[]}}\" data-widget_type=\"posts.classic\">\n\t\t\t\t<div class=\"elementor-widget-container\">\n\t\t\t\t\t\t\t<div class=\"elementor-posts-container elementor-posts elementor-posts--skin-classic elementor-grid\" role=\"list\">\n\t\t\t\t<article class=\"elementor-post elementor-grid-item post-5739 insights type-insights status-publish has-post-thumbnail hentry category-ic-gorulerimiz\" role=\"listitem\">\n\t\t\t\t<a class=\"elementor-post__thumbnail__link\" href=\"https:\/\/arkpres.com\/tr\/icgoruler\/tutkudan-beslenen-yolculuk-guvenligi\/\" tabindex=\"-1\" >\n\t\t\t<div class=\"elementor-post__thumbnail\"><img decoding=\"async\" width=\"800\" height=\"437\" src=\"https:\/\/arkpres.com\/wp-content\/uploads\/2025\/06\/couple-engineer-man-tiny-1024x559.webp\" class=\"attachment-large size-large wp-image-5735\" alt=\"\" srcset=\"https:\/\/arkpres.com\/wp-content\/uploads\/2025\/06\/couple-engineer-man-tiny-1024x559.webp 1024w, https:\/\/arkpres.com\/wp-content\/uploads\/2025\/06\/couple-engineer-man-tiny-300x164.webp 300w, https:\/\/arkpres.com\/wp-content\/uploads\/2025\/06\/couple-engineer-man-tiny-768x419.webp 768w, https:\/\/arkpres.com\/wp-content\/uploads\/2025\/06\/couple-engineer-man-tiny.webp 1408w\" sizes=\"(max-width: 800px) 100vw, 800px\" \/><\/div>\n\t\t<\/a>\n\t\t\t\t<div class=\"elementor-post__text\">\n\t\t\t\t<h3 class=\"elementor-post__title\">\n\t\t\t<a href=\"https:\/\/arkpres.com\/tr\/icgoruler\/tutkudan-beslenen-yolculuk-guvenligi\/\" >\n\t\t\t\tTutkudan Beslenen Yolculuk G\u00fcvenli\u011fi\t\t\t<\/a>\n\t\t<\/h3>\n\t\t\t\t<\/div>\n\t\t\t\t<\/article>\n\t\t\t\t<article class=\"elementor-post elementor-grid-item post-5703 insights type-insights status-publish has-post-thumbnail hentry category-ic-gorulerimiz\" role=\"listitem\">\n\t\t\t\t<a class=\"elementor-post__thumbnail__link\" href=\"https:\/\/arkpres.com\/tr\/icgoruler\/inovasyonun-gucuyle-yolculuk-guvenligini-yeniden-tanimlayan-arkpres\/\" tabindex=\"-1\" >\n\t\t\t<div class=\"elementor-post__thumbnail\"><img decoding=\"async\" width=\"800\" height=\"458\" src=\"https:\/\/arkpres.com\/wp-content\/uploads\/2025\/05\/innovation-blog-feat-1024x586.webp\" class=\"attachment-large size-large wp-image-5688\" alt=\"\" srcset=\"https:\/\/arkpres.com\/wp-content\/uploads\/2025\/05\/innovation-blog-feat-1024x586.webp 1024w, https:\/\/arkpres.com\/wp-content\/uploads\/2025\/05\/innovation-blog-feat-300x172.webp 300w, https:\/\/arkpres.com\/wp-content\/uploads\/2025\/05\/innovation-blog-feat-768x440.webp 768w, https:\/\/arkpres.com\/wp-content\/uploads\/2025\/05\/innovation-blog-feat-1536x880.webp 1536w, https:\/\/arkpres.com\/wp-content\/uploads\/2025\/05\/innovation-blog-feat-2048x1173.webp 2048w\" sizes=\"(max-width: 800px) 100vw, 800px\" \/><\/div>\n\t\t<\/a>\n\t\t\t\t<div class=\"elementor-post__text\">\n\t\t\t\t<h3 class=\"elementor-post__title\">\n\t\t\t<a href=\"https:\/\/arkpres.com\/tr\/icgoruler\/inovasyonun-gucuyle-yolculuk-guvenligini-yeniden-tanimlayan-arkpres\/\" >\n\t\t\t\t\u0130novasyonun G\u00fcc\u00fcyle Yolculuk G\u00fcvenli\u011fini Yeniden Tan\u0131mlayan ARKPRES\t\t\t<\/a>\n\t\t<\/h3>\n\t\t\t\t<\/div>\n\t\t\t\t<\/article>\n\t\t\t\t<article class=\"elementor-post elementor-grid-item post-5674 insights type-insights status-publish has-post-thumbnail hentry category-our-insights\" role=\"listitem\">\n\t\t\t\t<a class=\"elementor-post__thumbnail__link\" href=\"https:\/\/arkpres.com\/tr\/icgoruler\/guvenli-yolculuklar-icin-insan-odakli-cozumler\/\" tabindex=\"-1\" >\n\t\t\t<div class=\"elementor-post__thumbnail\"><img loading=\"lazy\" decoding=\"async\" width=\"800\" height=\"450\" src=\"https:\/\/arkpres.com\/wp-content\/uploads\/2025\/05\/arkpres-values-human-hero-1024x576.webp\" class=\"attachment-large size-large wp-image-5672\" alt=\"\" srcset=\"https:\/\/arkpres.com\/wp-content\/uploads\/2025\/05\/arkpres-values-human-hero-1024x576.webp 1024w, https:\/\/arkpres.com\/wp-content\/uploads\/2025\/05\/arkpres-values-human-hero-300x169.webp 300w, https:\/\/arkpres.com\/wp-content\/uploads\/2025\/05\/arkpres-values-human-hero-768x432.webp 768w, https:\/\/arkpres.com\/wp-content\/uploads\/2025\/05\/arkpres-values-human-hero-1536x864.webp 1536w, https:\/\/arkpres.com\/wp-content\/uploads\/2025\/05\/arkpres-values-human-hero.webp 1920w\" sizes=\"(max-width: 800px) 100vw, 800px\" \/><\/div>\n\t\t<\/a>\n\t\t\t\t<div class=\"elementor-post__text\">\n\t\t\t\t<h3 class=\"elementor-post__title\">\n\t\t\t<a href=\"https:\/\/arkpres.com\/tr\/icgoruler\/guvenli-yolculuklar-icin-insan-odakli-cozumler\/\" >\n\t\t\t\tG\u00fcvenli Yolculuklar \u0130\u00e7in \u0130nsan Odakl\u0131 \u00c7\u00f6z\u00fcmler\t\t\t<\/a>\n\t\t<\/h3>\n\t\t\t\t<\/div>\n\t\t\t\t<\/article>\n\t\t\t\t<article class=\"elementor-post elementor-grid-item post-5678 insights type-insights status-publish has-post-thumbnail hentry category-our-insights\" role=\"listitem\">\n\t\t\t\t<a class=\"elementor-post__thumbnail__link\" href=\"https:\/\/arkpres.com\/tr\/icgoruler\/beklenmedik-anlarda-yaninizdayiz\/\" tabindex=\"-1\" >\n\t\t\t<div class=\"elementor-post__thumbnail\"><img loading=\"lazy\" decoding=\"async\" width=\"800\" height=\"450\" src=\"https:\/\/arkpres.com\/wp-content\/uploads\/2025\/04\/55year-blog-1024x576.webp\" class=\"attachment-large size-large wp-image-5579\" alt=\"\" srcset=\"https:\/\/arkpres.com\/wp-content\/uploads\/2025\/04\/55year-blog-1024x576.webp 1024w, https:\/\/arkpres.com\/wp-content\/uploads\/2025\/04\/55year-blog-300x169.webp 300w, https:\/\/arkpres.com\/wp-content\/uploads\/2025\/04\/55year-blog-768x432.webp 768w, https:\/\/arkpres.com\/wp-content\/uploads\/2025\/04\/55year-blog-1536x864.webp 1536w, https:\/\/arkpres.com\/wp-content\/uploads\/2025\/04\/55year-blog.webp 1920w\" sizes=\"(max-width: 800px) 100vw, 800px\" \/><\/div>\n\t\t<\/a>\n\t\t\t\t<div class=\"elementor-post__text\">\n\t\t\t\t<h3 class=\"elementor-post__title\">\n\t\t\t<a href=\"https:\/\/arkpres.com\/tr\/icgoruler\/beklenmedik-anlarda-yaninizdayiz\/\" >\n\t\t\t\tBeklenmedik Anlarda Yan\u0131n\u0131zday\u0131z\t\t\t<\/a>\n\t\t<\/h3>\n\t\t\t\t<\/div>\n\t\t\t\t<\/article>\n\t\t\t\t<article class=\"elementor-post elementor-grid-item post-5045 insights type-insights status-publish has-post-thumbnail hentry category-ic-gorulerimiz\" role=\"listitem\">\n\t\t\t\t<a class=\"elementor-post__thumbnail__link\" href=\"https:\/\/arkpres.com\/tr\/icgoruler\/daha-guvenli-bir-gelecek-icin-en-yeni-emniyet-kemeri-teknolojilerini-kesfediyoruz\/\" tabindex=\"-1\" >\n\t\t\t<div class=\"elementor-post__thumbnail\"><img loading=\"lazy\" decoding=\"async\" width=\"800\" height=\"250\" src=\"https:\/\/arkpres.com\/wp-content\/uploads\/2023\/04\/Hero-Revised-1024x320.jpg\" class=\"attachment-large size-large wp-image-4503\" alt=\"\" srcset=\"https:\/\/arkpres.com\/wp-content\/uploads\/2023\/04\/Hero-Revised-1024x320.jpg 1024w, https:\/\/arkpres.com\/wp-content\/uploads\/2023\/04\/Hero-Revised-300x94.jpg 300w, https:\/\/arkpres.com\/wp-content\/uploads\/2023\/04\/Hero-Revised-768x240.jpg 768w, https:\/\/arkpres.com\/wp-content\/uploads\/2023\/04\/Hero-Revised-1536x480.jpg 1536w, https:\/\/arkpres.com\/wp-content\/uploads\/2023\/04\/Hero-Revised.jpg 1920w\" sizes=\"(max-width: 800px) 100vw, 800px\" \/><\/div>\n\t\t<\/a>\n\t\t\t\t<div class=\"elementor-post__text\">\n\t\t\t\t<h3 class=\"elementor-post__title\">\n\t\t\t<a href=\"https:\/\/arkpres.com\/tr\/icgoruler\/daha-guvenli-bir-gelecek-icin-en-yeni-emniyet-kemeri-teknolojilerini-kesfediyoruz\/\" >\n\t\t\t\tDaha G\u00fcvenli Bir Gelecek \u0130\u00e7in En Yeni Emniyet Kemeri Teknolojilerini Ke\u015ffediyoruz\t\t\t<\/a>\n\t\t<\/h3>\n\t\t\t\t<\/div>\n\t\t\t\t<\/article>\n\t\t\t\t<article class=\"elementor-post elementor-grid-item post-5046 insights type-insights status-publish has-post-thumbnail hentry category-ic-gorulerimiz\" role=\"listitem\">\n\t\t\t\t<a class=\"elementor-post__thumbnail__link\" href=\"https:\/\/arkpres.com\/tr\/icgoruler\/emniyet-kemeri-teknolojisinin-gelecegi\/\" tabindex=\"-1\" >\n\t\t\t<div class=\"elementor-post__thumbnail\"><img loading=\"lazy\" decoding=\"async\" width=\"800\" height=\"375\" src=\"https:\/\/arkpres.com\/wp-content\/uploads\/2023\/05\/3-pull-the-safety-belt--1024x480.jpg\" class=\"attachment-large size-large wp-image-4613\" alt=\"\" srcset=\"https:\/\/arkpres.com\/wp-content\/uploads\/2023\/05\/3-pull-the-safety-belt--1024x480.jpg 1024w, https:\/\/arkpres.com\/wp-content\/uploads\/2023\/05\/3-pull-the-safety-belt--300x141.jpg 300w, https:\/\/arkpres.com\/wp-content\/uploads\/2023\/05\/3-pull-the-safety-belt--768x360.jpg 768w, https:\/\/arkpres.com\/wp-content\/uploads\/2023\/05\/3-pull-the-safety-belt-.jpg 1280w\" sizes=\"(max-width: 800px) 100vw, 800px\" \/><\/div>\n\t\t<\/a>\n\t\t\t\t<div class=\"elementor-post__text\">\n\t\t\t\t<h3 class=\"elementor-post__title\">\n\t\t\t<a href=\"https:\/\/arkpres.com\/tr\/icgoruler\/emniyet-kemeri-teknolojisinin-gelecegi\/\" >\n\t\t\t\tEmniyet Kemeri Teknolojisinin Gelece\u011fi:\t\t\t<\/a>\n\t\t<\/h3>\n\t\t\t\t<\/div>\n\t\t\t\t<\/article>\n\t\t\t\t<\/div>\n\t\t\n\t\t\t\t<div class=\"e-load-more-anchor\" data-page=\"1\" data-max-page=\"2\" data-next-page=\"https:\/\/arkpres.com\/tr\/wp-json\/wp\/v2\/pages\/4791\/page\/2\/\"><\/div>\n\t\t\t\t<nav class=\"elementor-pagination\" aria-label=\"Pagination\">\n\t\t\t<span aria-current=\"page\" class=\"page-numbers current\"><span class=\"elementor-screen-only\">Sayfa<\/span>1<\/span>\n<a class=\"page-numbers\" href=\"https:\/\/arkpres.com\/tr\/wp-json\/wp\/v2\/pages\/4791\/page\/2\/\"><span class=\"elementor-screen-only\">Sayfa<\/span>2<\/a>\t\t<\/nav>\n\t\t\t\t\t\t<\/div>\n\t\t\t\t<\/div>\n\t\t\t\t\t<\/div>\n\t\t<\/div>\n\t\t\t\t\t<\/div>\n\t\t<\/section>\n\t\t\t\t<\/div>\n\t\t","protected":false},"excerpt":{"rendered":"<p>ARKPRES&#8217;in \u0130\u00e7g\u00f6r\u00fclerini Ke\u015ffedin<\/p>\n","protected":false},"author":1,"featured_media":4553,"parent":0,"menu_order":18,"comment_status":"closed","ping_status":"closed","template":"","meta":{"_eb_attr":"","inline_featured_image":false,"footnotes":""},"class_list":["post-4791","page","type-page","status-publish","has-post-thumbnail","hentry"],"_links":{"self":[{"href":"https:\/\/arkpres.com\/tr\/wp-json\/wp\/v2\/pages\/4791","targetHints":{"allow":["GET"]}}],"collection":[{"href":"https:\/\/arkpres.com\/tr\/wp-json\/wp\/v2\/pages"}],"about":[{"href":"https:\/\/arkpres.com\/tr\/wp-json\/wp\/v2\/types\/page"}],"author":[{"embeddable":true,"href":"https:\/\/arkpres.com\/tr\/wp-json\/wp\/v2\/users\/1"}],"replies":[{"embeddable":true,"href":"https:\/\/arkpres.com\/tr\/wp-json\/wp\/v2\/comments?post=4791"}],"version-history":[{"count":0,"href":"https:\/\/arkpres.com\/tr\/wp-json\/wp\/v2\/pages\/4791\/revisions"}],"wp:featuredmedia":[{"embeddable":true,"href":"https:\/\/arkpres.com\/tr\/wp-json\/wp\/v2\/media\/4553"}],"wp:attachment":[{"href":"https:\/\/arkpres.com\/tr\/wp-json\/wp\/v2\/media?parent=4791"}],"curies":[{"name":"wp","href":"https:\/\/api.w.org\/{rel}","templated":true}]}}