{"id":4792,"date":"2023-04-06T13:21:27","date_gmt":"2023-04-06T10:21:27","guid":{"rendered":"https:\/\/arkpres.com\/our-insights\/case-studies\/"},"modified":"2024-01-31T17:33:34","modified_gmt":"2024-01-31T14:33:34","slug":"ornek-calismalar","status":"publish","type":"page","link":"https:\/\/arkpres.com\/tr\/icgorulerimiz\/ornek-calismalar\/","title":{"rendered":"\u00d6rnek \u00c7al\u0131\u015fmalar"},"content":{"rendered":"\t\t<div data-elementor-type=\"wp-page\" data-elementor-id=\"4792\" class=\"elementor elementor-4792 elementor-366\" data-elementor-post-type=\"page\">\n\t\t\t\t\t\t<section class=\"elementor-section elementor-top-section elementor-element elementor-element-2b0b7f91 elementor-section-stretched elementor-section-boxed elementor-section-height-default elementor-section-height-default\" data-id=\"2b0b7f91\" data-element_type=\"section\" id=\"info_section\" data-settings=\"{&quot;background_background&quot;:&quot;classic&quot;,&quot;stretch_section&quot;:&quot;section-stretched&quot;}\">\n\t\t\t\t\t\t<div class=\"elementor-container elementor-column-gap-no\">\n\t\t\t\t\t<div class=\"elementor-column elementor-col-50 elementor-top-column elementor-element elementor-element-1b5ea820\" data-id=\"1b5ea820\" data-element_type=\"column\">\n\t\t\t<div class=\"elementor-widget-wrap elementor-element-populated\">\n\t\t\t\t\t\t<div class=\"elementor-element elementor-element-28d08132 elementor-widget elementor-widget-heading\" data-id=\"28d08132\" data-element_type=\"widget\" data-settings=\"{&quot;_animation&quot;:&quot;none&quot;}\" data-widget_type=\"heading.default\">\n\t\t\t\t<div class=\"elementor-widget-container\">\n\t\t\t\t\t<h2 class=\"elementor-heading-title elementor-size-xxl\">Ba\u015far\u0131n\u0131n Kilidini A\u00e7mak<\/h2>\t\t\t\t<\/div>\n\t\t\t\t<\/div>\n\t\t\t\t<div class=\"elementor-element elementor-element-4da6562 elementor-widget elementor-widget-heading\" data-id=\"4da6562\" data-element_type=\"widget\" data-widget_type=\"heading.default\">\n\t\t\t\t<div class=\"elementor-widget-container\">\n\t\t\t\t\t<h2 class=\"elementor-heading-title elementor-size-default\">\u0130lham Veren, Bilgilendiren ve Yenilik\u00e7i Vaka \u00c7al\u0131\u015fmalar\u0131<\/h2>\t\t\t\t<\/div>\n\t\t\t\t<\/div>\n\t\t\t\t<div class=\"elementor-element elementor-element-5594fd3 elementor-widget elementor-widget-text-editor\" data-id=\"5594fd3\" data-element_type=\"widget\" data-widget_type=\"text-editor.default\">\n\t\t\t\t<div class=\"elementor-widget-container\">\n\t\t\t\t\t\t\t\t\t<p>Burada, g\u00fcvenlik \u00e7\u00f6z\u00fcmlerimizin \u00e7e\u015fitli sekt\u00f6rlerdeki bireylerin refah\u0131n\u0131 sa\u011flamada oynad\u0131\u011f\u0131 \u00f6nemli rol\u00fc vurgulayan ger\u00e7ek ba\u015far\u0131 hikayelerini sergiliyoruz. Otomotiv devlerinden in\u015faat \u015firketlerine kadar, kemerlerimizin hayatlar\u0131 koruyan ve yaralanma riskini en aza indiren g\u00fcvenilir ya\u015fam hatlar\u0131 oldu\u011fu kan\u0131tlanm\u0131\u015ft\u0131r. Bu derinlemesine vaka \u00e7al\u0131\u015fmalar\u0131 sayesinde, yenilik\u00e7i tasar\u0131mlar\u0131m\u0131z\u0131n, titiz testlerimizin ve kaliteye olan sars\u0131lmaz ba\u011fl\u0131l\u0131\u011f\u0131m\u0131z\u0131n i\u015fyeri g\u00fcvenli\u011fini art\u0131rmada nas\u0131l somut bir etki yaratt\u0131\u011f\u0131n\u0131 ke\u015ffedeceksiniz. G\u00fcvenlik \u00e7\u00f6z\u00fcmlerimizin d\u00f6n\u00fc\u015ft\u00fcr\u00fcc\u00fc g\u00fcc\u00fcn\u00fc ke\u015ffederken bu yolculukta bize kat\u0131l\u0131n ve koruma, g\u00fcven ve g\u00f6n\u00fcl rahatl\u0131\u011f\u0131na dair ilgi \u00e7ekici anlat\u0131larla size ilham verin.<\/p>\t\t\t\t\t\t\t\t<\/div>\n\t\t\t\t<\/div>\n\t\t\t\t\t<\/div>\n\t\t<\/div>\n\t\t\t\t<div class=\"elementor-column elementor-col-50 elementor-top-column elementor-element elementor-element-6bc08c21 elementor-hidden-tablet elementor-hidden-mobile\" data-id=\"6bc08c21\" data-element_type=\"column\">\n\t\t\t<div class=\"elementor-widget-wrap elementor-element-populated\">\n\t\t\t\t\t\t<div class=\"elementor-element elementor-element-50c6b327 elementor-widget-tablet__width-initial elementor-widget-mobile__width-initial elementor-widget elementor-widget-image\" data-id=\"50c6b327\" data-element_type=\"widget\" data-settings=\"{&quot;_animation&quot;:&quot;none&quot;}\" data-widget_type=\"image.default\">\n\t\t\t\t<div class=\"elementor-widget-container\">\n\t\t\t\t\t\t\t\t\t\t\t\t\t\t\t<img fetchpriority=\"high\" decoding=\"async\" width=\"752\" height=\"900\" src=\"https:\/\/arkpres.com\/wp-content\/uploads\/2023\/07\/case-studies-inle-02-rev.webp\" class=\"attachment-full size-full wp-image-4853\" alt=\"\" srcset=\"https:\/\/arkpres.com\/wp-content\/uploads\/2023\/07\/case-studies-inle-02-rev.webp 752w, https:\/\/arkpres.com\/wp-content\/uploads\/2023\/07\/case-studies-inle-02-rev-251x300.webp 251w\" sizes=\"(max-width: 752px) 100vw, 752px\" \/>\t\t\t\t\t\t\t\t\t\t\t\t\t\t\t<\/div>\n\t\t\t\t<\/div>\n\t\t\t\t<div class=\"elementor-element elementor-element-747f3de elementor-widget__width-initial elementor-absolute elementor-widget elementor-widget-spacer\" data-id=\"747f3de\" data-element_type=\"widget\" data-settings=\"{&quot;_position&quot;:&quot;absolute&quot;}\" data-widget_type=\"spacer.default\">\n\t\t\t\t<div class=\"elementor-widget-container\">\n\t\t\t\t\t\t\t<div class=\"elementor-spacer\">\n\t\t\t<div class=\"elementor-spacer-inner\"><\/div>\n\t\t<\/div>\n\t\t\t\t\t\t<\/div>\n\t\t\t\t<\/div>\n\t\t\t\t\t<\/div>\n\t\t<\/div>\n\t\t\t\t\t<\/div>\n\t\t<\/section>\n\t\t\t\t<section class=\"elementor-section elementor-top-section elementor-element elementor-element-066e968 elementor-section-stretched elementor-section-boxed elementor-section-height-default elementor-section-height-default\" data-id=\"066e968\" data-element_type=\"section\" data-settings=\"{&quot;stretch_section&quot;:&quot;section-stretched&quot;}\">\n\t\t\t\t\t\t<div class=\"elementor-container elementor-column-gap-default\">\n\t\t\t\t\t<div class=\"elementor-column elementor-col-100 elementor-top-column elementor-element elementor-element-3f2c54c\" data-id=\"3f2c54c\" data-element_type=\"column\">\n\t\t\t<div class=\"elementor-widget-wrap elementor-element-populated\">\n\t\t\t\t\t\t<div class=\"elementor-element elementor-element-74c843b elementor-grid-3 elementor-grid-tablet-2 elementor-grid-mobile-1 elementor-posts--thumbnail-top elementor-widget elementor-widget-posts\" data-id=\"74c843b\" data-element_type=\"widget\" data-settings=\"{&quot;pagination_type&quot;:&quot;numbers&quot;,&quot;classic_columns&quot;:&quot;3&quot;,&quot;classic_columns_tablet&quot;:&quot;2&quot;,&quot;classic_columns_mobile&quot;:&quot;1&quot;,&quot;classic_row_gap&quot;:{&quot;unit&quot;:&quot;px&quot;,&quot;size&quot;:35,&quot;sizes&quot;:[]},&quot;classic_row_gap_tablet&quot;:{&quot;unit&quot;:&quot;px&quot;,&quot;size&quot;:&quot;&quot;,&quot;sizes&quot;:[]},&quot;classic_row_gap_mobile&quot;:{&quot;unit&quot;:&quot;px&quot;,&quot;size&quot;:&quot;&quot;,&quot;sizes&quot;:[]}}\" data-widget_type=\"posts.classic\">\n\t\t\t\t<div class=\"elementor-widget-container\">\n\t\t\t\t\t\t\t<div class=\"elementor-posts-container elementor-posts elementor-posts--skin-classic elementor-grid\">\n\t\t\t\t<article class=\"elementor-post elementor-grid-item post-5257 case_studies type-case_studies status-publish format-standard has-post-thumbnail hentry\">\n\t\t\t\t<a class=\"elementor-post__thumbnail__link\" href=\"https:\/\/arkpres.com\/tr\/ornek-calismalar\/msa-olcum-sistemleri-analizi-egitimi\/\" tabindex=\"-1\" >\n\t\t\t<div class=\"elementor-post__thumbnail\"><img decoding=\"async\" width=\"768\" height=\"768\" src=\"https:\/\/arkpres.com\/wp-content\/uploads\/2024\/04\/arkpres-msa-featured-768x768.jpg\" class=\"attachment-medium_large size-medium_large wp-image-5256\" alt=\"\" srcset=\"https:\/\/arkpres.com\/wp-content\/uploads\/2024\/04\/arkpres-msa-featured-768x768.jpg 768w, https:\/\/arkpres.com\/wp-content\/uploads\/2024\/04\/arkpres-msa-featured-300x300.jpg 300w, https:\/\/arkpres.com\/wp-content\/uploads\/2024\/04\/arkpres-msa-featured-150x150.jpg 150w, https:\/\/arkpres.com\/wp-content\/uploads\/2024\/04\/arkpres-msa-featured.jpg 1000w\" sizes=\"(max-width: 768px) 100vw, 768px\" \/><\/div>\n\t\t<\/a>\n\t\t\t\t<div class=\"elementor-post__text\">\n\t\t\t\t<h3 class=\"elementor-post__title\">\n\t\t\t<a href=\"https:\/\/arkpres.com\/tr\/ornek-calismalar\/msa-olcum-sistemleri-analizi-egitimi\/\" >\n\t\t\t\tMSA \u00d6l\u00e7\u00fcm Sistemleri Analizi E\u011fitimi\t\t\t<\/a>\n\t\t<\/h3>\n\t\t\t\t<div class=\"elementor-post__excerpt\">\n\t\t\t<p>Kullan\u0131lan \u00f6l\u00e7\u00fcm aletlerinin yeterlili\u011finin test edilmesi, uygun \u00f6l\u00e7\u00fcm aletinin uygun noktada konusunda metodik karar verilmesini sa\u011flayan y\u00f6ntemlerin anla\u015f\u0131lmas\u0131 i\u00e7in \u201cMSA \u00d6l\u00e7\u00fcm Sistemleri Analizi\u201d ve istatistiksel<\/p>\n\t\t<\/div>\n\t\t\t\t\t<div class=\"elementor-post__read-more-wrapper\">\n\t\t\n\t\t<a class=\"elementor-post__read-more\" href=\"https:\/\/arkpres.com\/tr\/ornek-calismalar\/msa-olcum-sistemleri-analizi-egitimi\/\" aria-label=\"Read more about MSA \u00d6l\u00e7\u00fcm Sistemleri Analizi E\u011fitimi\" tabindex=\"-1\" >\n\t\t\tDevam\u0131n\u0131 oku \u00bb\t\t<\/a>\n\n\t\t\t\t\t<\/div>\n\t\t\t\t<\/div>\n\t\t\t\t<\/article>\n\t\t\t\t<article class=\"elementor-post elementor-grid-item post-4323 case_studies type-case_studies status-publish format-standard has-post-thumbnail hentry\">\n\t\t\t\t<a class=\"elementor-post__thumbnail__link\" href=\"https:\/\/arkpres.com\/case_studies\/we-are-participating-in-busworld-2023\/\" tabindex=\"-1\" >\n\t\t\t<div class=\"elementor-post__thumbnail\"><img decoding=\"async\" width=\"768\" height=\"768\" src=\"https:\/\/arkpres.com\/wp-content\/uploads\/2023\/10\/arkpres-busworld-2023-768x768.jpg\" class=\"attachment-medium_large size-medium_large wp-image-4329\" alt=\"\" srcset=\"https:\/\/arkpres.com\/wp-content\/uploads\/2023\/10\/arkpres-busworld-2023-768x768.jpg 768w, https:\/\/arkpres.com\/wp-content\/uploads\/2023\/10\/arkpres-busworld-2023-300x300.jpg 300w, https:\/\/arkpres.com\/wp-content\/uploads\/2023\/10\/arkpres-busworld-2023-1024x1024.jpg 1024w, https:\/\/arkpres.com\/wp-content\/uploads\/2023\/10\/arkpres-busworld-2023-150x150.jpg 150w, https:\/\/arkpres.com\/wp-content\/uploads\/2023\/10\/arkpres-busworld-2023-1536x1536.jpg 1536w, https:\/\/arkpres.com\/wp-content\/uploads\/2023\/10\/arkpres-busworld-2023-2048x2048.jpg 2048w\" sizes=\"(max-width: 768px) 100vw, 768px\" \/><\/div>\n\t\t<\/a>\n\t\t\t\t<div class=\"elementor-post__text\">\n\t\t\t\t<h3 class=\"elementor-post__title\">\n\t\t\t<a href=\"https:\/\/arkpres.com\/case_studies\/we-are-participating-in-busworld-2023\/\" >\n\t\t\t\tWe are Participating in Busworld 2023\t\t\t<\/a>\n\t\t<\/h3>\n\t\t\t\t<div class=\"elementor-post__excerpt\">\n\t\t\t<p>LET THE SHOW BEGINS! Busworld 2023 opens its doors. We are very thrilled to meet you in Brussels to show ARKPRES safety solutions and our<\/p>\n\t\t<\/div>\n\t\t\t\t\t<div class=\"elementor-post__read-more-wrapper\">\n\t\t\n\t\t<a class=\"elementor-post__read-more\" href=\"https:\/\/arkpres.com\/case_studies\/we-are-participating-in-busworld-2023\/\" aria-label=\"Read more about We are Participating in Busworld 2023\" tabindex=\"-1\" >\n\t\t\tDevam\u0131n\u0131 oku \u00bb\t\t<\/a>\n\n\t\t\t\t\t<\/div>\n\t\t\t\t<\/div>\n\t\t\t\t<\/article>\n\t\t\t\t<article class=\"elementor-post elementor-grid-item post-5040 case_studies type-case_studies status-publish format-standard has-post-thumbnail hentry\">\n\t\t\t\t<a class=\"elementor-post__thumbnail__link\" href=\"https:\/\/arkpres.com\/tr\/ornek-calismalar\/memotivein-basarisi\/\" tabindex=\"-1\" >\n\t\t\t<div class=\"elementor-post__thumbnail\"><img loading=\"lazy\" decoding=\"async\" width=\"768\" height=\"768\" src=\"https:\/\/arkpres.com\/wp-content\/uploads\/2023\/10\/1695812752746-768x768.jpg\" class=\"attachment-medium_large size-medium_large wp-image-5041\" alt=\"\" srcset=\"https:\/\/arkpres.com\/wp-content\/uploads\/2023\/10\/1695812752746-768x768.jpg 768w, https:\/\/arkpres.com\/wp-content\/uploads\/2023\/10\/1695812752746-300x300.jpg 300w, https:\/\/arkpres.com\/wp-content\/uploads\/2023\/10\/1695812752746-1024x1024.jpg 1024w, https:\/\/arkpres.com\/wp-content\/uploads\/2023\/10\/1695812752746-150x150.jpg 150w, https:\/\/arkpres.com\/wp-content\/uploads\/2023\/10\/1695812752746.jpg 1536w\" sizes=\"(max-width: 768px) 100vw, 768px\" \/><\/div>\n\t\t<\/a>\n\t\t\t\t<div class=\"elementor-post__text\">\n\t\t\t\t<h3 class=\"elementor-post__title\">\n\t\t\t<a href=\"https:\/\/arkpres.com\/tr\/ornek-calismalar\/memotivein-basarisi\/\" >\n\t\t\t\tMemotive&#8217;in ba\u015far\u0131s\u0131\t\t\t<\/a>\n\t\t<\/h3>\n\t\t\t\t<div class=\"elementor-post__excerpt\">\n\t\t\t<p>Memotive, 4 milyon USD de\u011ferleme ile bir yat\u0131r\u0131m turunu daha tamamlad\u0131. &#8220;\u00c7al\u0131\u015fanlar i\u00e7in nas\u0131l daha iyi bir i\u015f deneyimi yaratabiliriz&#8221; sorusuna cevap arayarak 2021 y\u0131l\u0131nda<\/p>\n\t\t<\/div>\n\t\t\t\t\t<div class=\"elementor-post__read-more-wrapper\">\n\t\t\n\t\t<a class=\"elementor-post__read-more\" href=\"https:\/\/arkpres.com\/tr\/ornek-calismalar\/memotivein-basarisi\/\" aria-label=\"Read more about Memotive&#8217;in ba\u015far\u0131s\u0131\" tabindex=\"-1\" >\n\t\t\tDevam\u0131n\u0131 oku \u00bb\t\t<\/a>\n\n\t\t\t\t\t<\/div>\n\t\t\t\t<\/div>\n\t\t\t\t<\/article>\n\t\t\t\t<article class=\"elementor-post elementor-grid-item post-5042 case_studies type-case_studies status-publish format-standard has-post-thumbnail hentry\">\n\t\t\t\t<a class=\"elementor-post__thumbnail__link\" href=\"https:\/\/arkpres.com\/tr\/ornek-calismalar\/arkpres-olarak-tobb-kadin-girisimciler-kurulu-sanayide-kadin-eli-projesinde-yer-aldik\/\" tabindex=\"-1\" >\n\t\t\t<div class=\"elementor-post__thumbnail\"><img loading=\"lazy\" decoding=\"async\" width=\"768\" height=\"768\" src=\"https:\/\/arkpres.com\/wp-content\/uploads\/2023\/05\/arkpres-womens-hand-in-industry-1-768x768.jpg\" class=\"attachment-medium_large size-medium_large wp-image-4706\" alt=\"\" srcset=\"https:\/\/arkpres.com\/wp-content\/uploads\/2023\/05\/arkpres-womens-hand-in-industry-1-768x768.jpg 768w, https:\/\/arkpres.com\/wp-content\/uploads\/2023\/05\/arkpres-womens-hand-in-industry-1-300x300.jpg 300w, https:\/\/arkpres.com\/wp-content\/uploads\/2023\/05\/arkpres-womens-hand-in-industry-1-1024x1024.jpg 1024w, https:\/\/arkpres.com\/wp-content\/uploads\/2023\/05\/arkpres-womens-hand-in-industry-1-150x150.jpg 150w, https:\/\/arkpres.com\/wp-content\/uploads\/2023\/05\/arkpres-womens-hand-in-industry-1-1536x1536.jpg 1536w, https:\/\/arkpres.com\/wp-content\/uploads\/2023\/05\/arkpres-womens-hand-in-industry-1-2048x2048.jpg 2048w\" sizes=\"(max-width: 768px) 100vw, 768px\" \/><\/div>\n\t\t<\/a>\n\t\t\t\t<div class=\"elementor-post__text\">\n\t\t\t\t<h3 class=\"elementor-post__title\">\n\t\t\t<a href=\"https:\/\/arkpres.com\/tr\/ornek-calismalar\/arkpres-olarak-tobb-kadin-girisimciler-kurulu-sanayide-kadin-eli-projesinde-yer-aldik\/\" >\n\t\t\t\tARKPRES olarak TOBB Kad\u0131n Giri\u015fimciler Kurulu &#8220;Sanayide Kad\u0131n Eli&#8221; projesinde yer ald\u0131k.\t\t\t<\/a>\n\t\t<\/h3>\n\t\t\t\t<div class=\"elementor-post__excerpt\">\n\t\t\t<p>ARKPRES olarak TOBB Kad\u0131n Giri\u015fimciler Kurulu &#8220;Sanayide Kad\u0131n Eli&#8221; projesinde yer ald\u0131k.Ark Pres Emniyet Kemeri olarak %32 kad\u0131n \u00e7al\u0131\u015fan oran\u0131m\u0131zla T\u00fcrkiye&#8217;de kad\u0131n istihdam\u0131na katk\u0131 sa\u011flamaktan<\/p>\n\t\t<\/div>\n\t\t\t\t\t<div class=\"elementor-post__read-more-wrapper\">\n\t\t\n\t\t<a class=\"elementor-post__read-more\" href=\"https:\/\/arkpres.com\/tr\/ornek-calismalar\/arkpres-olarak-tobb-kadin-girisimciler-kurulu-sanayide-kadin-eli-projesinde-yer-aldik\/\" aria-label=\"Read more about ARKPRES olarak TOBB Kad\u0131n Giri\u015fimciler Kurulu &#8220;Sanayide Kad\u0131n Eli&#8221; projesinde yer ald\u0131k.\" tabindex=\"-1\" >\n\t\t\tDevam\u0131n\u0131 oku \u00bb\t\t<\/a>\n\n\t\t\t\t\t<\/div>\n\t\t\t\t<\/div>\n\t\t\t\t<\/article>\n\t\t\t\t<article class=\"elementor-post elementor-grid-item post-5043 case_studies type-case_studies status-publish format-standard has-post-thumbnail hentry\">\n\t\t\t\t<a class=\"elementor-post__thumbnail__link\" href=\"https:\/\/arkpres.com\/tr\/ornek-calismalar\/bilisim-vadisinde-yer-alan-saykal-elektronik-fventures-liderliginde-2-milyon-dolar-yatirim-aldi\/\" tabindex=\"-1\" >\n\t\t\t<div class=\"elementor-post__thumbnail\"><img loading=\"lazy\" decoding=\"async\" width=\"768\" height=\"768\" src=\"https:\/\/arkpres.com\/wp-content\/uploads\/2023\/05\/arkpres-saykal-electronic-1-768x768.jpg\" class=\"attachment-medium_large size-medium_large wp-image-4707\" alt=\"\" srcset=\"https:\/\/arkpres.com\/wp-content\/uploads\/2023\/05\/arkpres-saykal-electronic-1-768x768.jpg 768w, https:\/\/arkpres.com\/wp-content\/uploads\/2023\/05\/arkpres-saykal-electronic-1-300x300.jpg 300w, https:\/\/arkpres.com\/wp-content\/uploads\/2023\/05\/arkpres-saykal-electronic-1-1024x1024.jpg 1024w, https:\/\/arkpres.com\/wp-content\/uploads\/2023\/05\/arkpres-saykal-electronic-1-150x150.jpg 150w, https:\/\/arkpres.com\/wp-content\/uploads\/2023\/05\/arkpres-saykal-electronic-1-1536x1536.jpg 1536w, https:\/\/arkpres.com\/wp-content\/uploads\/2023\/05\/arkpres-saykal-electronic-1-2048x2048.jpg 2048w\" sizes=\"(max-width: 768px) 100vw, 768px\" \/><\/div>\n\t\t<\/a>\n\t\t\t\t<div class=\"elementor-post__text\">\n\t\t\t\t<h3 class=\"elementor-post__title\">\n\t\t\t<a href=\"https:\/\/arkpres.com\/tr\/ornek-calismalar\/bilisim-vadisinde-yer-alan-saykal-elektronik-fventures-liderliginde-2-milyon-dolar-yatirim-aldi\/\" >\n\t\t\t\tBili\u015fim Vadisi&#8217;nde yer alan Saykal Elektronik, F+Ventures liderli\u011finde 2 milyon dolar yat\u0131r\u0131m ald\u0131.\t\t\t<\/a>\n\t\t<\/h3>\n\t\t\t\t<div class=\"elementor-post__excerpt\">\n\t\t\t<p>Fark Holding ile birlikte Seri A yat\u0131r\u0131m turuna yat\u0131r\u0131mc\u0131 olarak kat\u0131ld\u0131k. Bu yeni yat\u0131r\u0131m, \u015firketin k\u00fcresel b\u00fcy\u00fcme ve Ar-Ge faaliyetlerinde kullan\u0131lacak. Haber hakk\u0131nda detayl\u0131 bilgi<\/p>\n\t\t<\/div>\n\t\t\t\t\t<div class=\"elementor-post__read-more-wrapper\">\n\t\t\n\t\t<a class=\"elementor-post__read-more\" href=\"https:\/\/arkpres.com\/tr\/ornek-calismalar\/bilisim-vadisinde-yer-alan-saykal-elektronik-fventures-liderliginde-2-milyon-dolar-yatirim-aldi\/\" aria-label=\"Read more about Bili\u015fim Vadisi&#8217;nde yer alan Saykal Elektronik, F+Ventures liderli\u011finde 2 milyon dolar yat\u0131r\u0131m ald\u0131.\" tabindex=\"-1\" >\n\t\t\tDevam\u0131n\u0131 oku \u00bb\t\t<\/a>\n\n\t\t\t\t\t<\/div>\n\t\t\t\t<\/div>\n\t\t\t\t<\/article>\n\t\t\t\t<article class=\"elementor-post elementor-grid-item post-5044 case_studies type-case_studies status-publish format-standard has-post-thumbnail hentry\">\n\t\t\t\t<a class=\"elementor-post__thumbnail__link\" href=\"https:\/\/arkpres.com\/tr\/ornek-calismalar\/expoforo-2022ye-katildik\/\" tabindex=\"-1\" >\n\t\t\t<div class=\"elementor-post__thumbnail\"><img loading=\"lazy\" decoding=\"async\" width=\"768\" height=\"768\" src=\"https:\/\/arkpres.com\/wp-content\/uploads\/2023\/05\/arkpres-expoforo-1-768x768.jpg\" class=\"attachment-medium_large size-medium_large wp-image-4705\" alt=\"\" srcset=\"https:\/\/arkpres.com\/wp-content\/uploads\/2023\/05\/arkpres-expoforo-1-768x768.jpg 768w, https:\/\/arkpres.com\/wp-content\/uploads\/2023\/05\/arkpres-expoforo-1-300x300.jpg 300w, https:\/\/arkpres.com\/wp-content\/uploads\/2023\/05\/arkpres-expoforo-1-1024x1024.jpg 1024w, https:\/\/arkpres.com\/wp-content\/uploads\/2023\/05\/arkpres-expoforo-1-150x150.jpg 150w, https:\/\/arkpres.com\/wp-content\/uploads\/2023\/05\/arkpres-expoforo-1-1536x1536.jpg 1536w, https:\/\/arkpres.com\/wp-content\/uploads\/2023\/05\/arkpres-expoforo-1-2048x2048.jpg 2048w\" sizes=\"(max-width: 768px) 100vw, 768px\" \/><\/div>\n\t\t<\/a>\n\t\t\t\t<div class=\"elementor-post__text\">\n\t\t\t\t<h3 class=\"elementor-post__title\">\n\t\t\t<a href=\"https:\/\/arkpres.com\/tr\/ornek-calismalar\/expoforo-2022ye-katildik\/\" >\n\t\t\t\tExpoforo 2022&#8217;ye kat\u0131ld\u0131k\t\t\t<\/a>\n\t\t<\/h3>\n\t\t\t\t<div class=\"elementor-post__excerpt\">\n\t\t\t<p>Meksika&#8217;da bir kez daha m\u00fc\u015fterilerimizle birlikte olmak harika bir deneyimdi. Expoforo 2022, ARKPRES ekibi i\u00e7in inan\u0131lmaz bir deneyimdi. Bizi stand\u0131m\u0131zda ziyaret eden m\u00fc\u015fterilerimize te\u015fekk\u00fcr ederiz.<\/p>\n\t\t<\/div>\n\t\t\t\t\t<div class=\"elementor-post__read-more-wrapper\">\n\t\t\n\t\t<a class=\"elementor-post__read-more\" href=\"https:\/\/arkpres.com\/tr\/ornek-calismalar\/expoforo-2022ye-katildik\/\" aria-label=\"Read more about Expoforo 2022&#8217;ye kat\u0131ld\u0131k\" tabindex=\"-1\" >\n\t\t\tDevam\u0131n\u0131 oku \u00bb\t\t<\/a>\n\n\t\t\t\t\t<\/div>\n\t\t\t\t<\/div>\n\t\t\t\t<\/article>\n\t\t\t\t<\/div>\n\t\t\n\t\t\t\t\t\t<\/div>\n\t\t\t\t<\/div>\n\t\t\t\t\t<\/div>\n\t\t<\/div>\n\t\t\t\t\t<\/div>\n\t\t<\/section>\n\t\t\t\t<\/div>\n\t\t","protected":false},"excerpt":{"rendered":"<p>Ba\u015far\u0131n\u0131n Kilidini A\u00e7mak \u0130lham Veren, Bilgilendiren ve Yenilik\u00e7i Vaka \u00c7al\u0131\u015fmalar\u0131 Burada, g\u00fcvenlik \u00e7\u00f6z\u00fcmlerimizin \u00e7e\u015fitli sekt\u00f6rlerdeki bireylerin refah\u0131n\u0131 sa\u011flamada oynad\u0131\u011f\u0131 \u00f6nemli rol\u00fc vurgulayan ger\u00e7ek ba\u015far\u0131 hikayelerini sergiliyoruz. Otomotiv devlerinden in\u015faat \u015firketlerine kadar, kemerlerimizin hayatlar\u0131 koruyan ve yaralanma riskini en aza indiren g\u00fcvenilir ya\u015fam hatlar\u0131 oldu\u011fu kan\u0131tlanm\u0131\u015ft\u0131r. Bu derinlemesine vaka \u00e7al\u0131\u015fmalar\u0131 sayesinde, yenilik\u00e7i tasar\u0131mlar\u0131m\u0131z\u0131n, titiz testlerimizin ve [&hellip;]<\/p>\n","protected":false},"author":1,"featured_media":4554,"parent":4791,"menu_order":19,"comment_status":"closed","ping_status":"closed","template":"","meta":{"_eb_attr":"","inline_featured_image":false,"footnotes":""},"class_list":["post-4792","page","type-page","status-publish","has-post-thumbnail","hentry"],"_links":{"self":[{"href":"https:\/\/arkpres.com\/tr\/wp-json\/wp\/v2\/pages\/4792","targetHints":{"allow":["GET"]}}],"collection":[{"href":"https:\/\/arkpres.com\/tr\/wp-json\/wp\/v2\/pages"}],"about":[{"href":"https:\/\/arkpres.com\/tr\/wp-json\/wp\/v2\/types\/page"}],"author":[{"embeddable":true,"href":"https:\/\/arkpres.com\/tr\/wp-json\/wp\/v2\/users\/1"}],"replies":[{"embeddable":true,"href":"https:\/\/arkpres.com\/tr\/wp-json\/wp\/v2\/comments?post=4792"}],"version-history":[{"count":0,"href":"https:\/\/arkpres.com\/tr\/wp-json\/wp\/v2\/pages\/4792\/revisions"}],"up":[{"embeddable":true,"href":"https:\/\/arkpres.com\/tr\/wp-json\/wp\/v2\/pages\/4791"}],"wp:featuredmedia":[{"embeddable":true,"href":"https:\/\/arkpres.com\/tr\/wp-json\/wp\/v2\/media\/4554"}],"wp:attachment":[{"href":"https:\/\/arkpres.com\/tr\/wp-json\/wp\/v2\/media?parent=4792"}],"curies":[{"name":"wp","href":"https:\/\/api.w.org\/{rel}","templated":true}]}}