{"id":4800,"date":"2023-04-06T13:22:30","date_gmt":"2023-04-06T10:22:30","guid":{"rendered":"https:\/\/arkpres.com\/about-us\/growth-strategy\/"},"modified":"2024-02-01T09:59:35","modified_gmt":"2024-02-01T06:59:35","slug":"buyume-stratejisi","status":"publish","type":"page","link":"https:\/\/arkpres.com\/tr\/biz-kimiz\/buyume-stratejisi\/","title":{"rendered":"B\u00fcy\u00fcme Stratejisi"},"content":{"rendered":"\t\t<div data-elementor-type=\"wp-page\" data-elementor-id=\"4800\" class=\"elementor elementor-4800 elementor-378\" data-elementor-post-type=\"page\">\n\t\t\t\t\t\t<section class=\"elementor-section elementor-top-section elementor-element elementor-element-55874c03 elementor-section-content-middle elementor-section-stretched elementor-section-boxed elementor-section-height-default elementor-section-height-default\" data-id=\"55874c03\" data-element_type=\"section\" data-settings=\"{&quot;stretch_section&quot;:&quot;section-stretched&quot;}\">\n\t\t\t\t\t\t\t<div class=\"elementor-background-overlay\"><\/div>\n\t\t\t\t\t\t\t<div class=\"elementor-container elementor-column-gap-no\">\n\t\t\t\t\t<div class=\"elementor-column elementor-col-100 elementor-top-column elementor-element elementor-element-49ab3f4f\" data-id=\"49ab3f4f\" data-element_type=\"column\">\n\t\t\t<div class=\"elementor-widget-wrap elementor-element-populated\">\n\t\t\t\t\t\t<div class=\"elementor-element elementor-element-67bac224 elementor-widget elementor-widget-icon-box\" data-id=\"67bac224\" data-element_type=\"widget\" data-widget_type=\"icon-box.default\">\n\t\t\t\t<div class=\"elementor-widget-container\">\n\t\t\t\t\t\t\t<div class=\"elementor-icon-box-wrapper\">\n\n\t\t\t\n\t\t\t\t\t\t<div class=\"elementor-icon-box-content\">\n\n\t\t\t\t\n\t\t\t\t\t\t\t\t\t<p class=\"elementor-icon-box-description\">\n\t\t\t\t\t\tB\u00fcy\u00fcme Stratejimize K\u0131sa Bir Bak\u0131\u015f\t\t\t\t\t<\/p>\n\t\t\t\t\n\t\t\t<\/div>\n\t\t\t\n\t\t<\/div>\n\t\t\t\t\t\t<\/div>\n\t\t\t\t<\/div>\n\t\t\t\t<div class=\"elementor-element elementor-element-199ebc15 elementor-widget__width-inherit elementor-widget elementor-widget-text-editor\" data-id=\"199ebc15\" data-element_type=\"widget\" data-widget_type=\"text-editor.default\">\n\t\t\t\t<div class=\"elementor-widget-container\">\n\t\t\t\t\t\t\t\t\t<p>Bir pasif g\u00fcvenlik ekipman\u0131 \u00fcreticisi olarak her zaman portf\u00f6y\u00fcm\u00fcz\u00fc geni\u015fletmek ve sekt\u00f6rdeki e\u011frinin \u00f6n\u00fcnde kalmak istiyoruz. B\u00fcy\u00fcme stratejimiz, m\u00fc\u015fterilerimize g\u00fcvenlik ihtiya\u00e7lar\u0131 i\u00e7in kapsaml\u0131 bir se\u00e7enek yelpazesi sunmak amac\u0131yla LIDAR, radar ve mobilite g\u00fcvenlik \u00e7\u00f6z\u00fcmleri de dahil olmak \u00fczere en son teknolojilere yat\u0131r\u0131m yapmay\u0131 i\u00e7eriyor.<\/p>\t\t\t\t\t\t\t\t<\/div>\n\t\t\t\t<\/div>\n\t\t\t\t\t<\/div>\n\t\t<\/div>\n\t\t\t\t\t<\/div>\n\t\t<\/section>\n\t\t\t\t<section class=\"elementor-section elementor-top-section elementor-element elementor-element-c7650fb elementor-section-stretched elementor-section-boxed elementor-section-height-default elementor-section-height-default\" data-id=\"c7650fb\" data-element_type=\"section\" data-settings=\"{&quot;stretch_section&quot;:&quot;section-stretched&quot;}\">\n\t\t\t\t\t\t<div class=\"elementor-container elementor-column-gap-default\">\n\t\t\t\t\t<div class=\"elementor-column elementor-col-100 elementor-top-column elementor-element elementor-element-63bafff\" data-id=\"63bafff\" data-element_type=\"column\">\n\t\t\t<div class=\"elementor-widget-wrap elementor-element-populated\">\n\t\t\t\t\t\t<div class=\"elementor-element elementor-element-ed014d4 elementor-widget elementor-widget-text-editor\" data-id=\"ed014d4\" data-element_type=\"widget\" data-widget_type=\"text-editor.default\">\n\t\t\t\t<div class=\"elementor-widget-container\">\n\t\t\t\t\t\t\t\t\t<p>B\u00fcy\u00fcme hedeflerimize ula\u015fmak i\u00e7in \u00fc\u00e7 temel noktaya odaklan\u0131yoruz. Birincisi, test merkezimizi aktif olarak b\u00fcy\u00fct\u00fcyor ve kullan\u0131yoruz. \u00dcr\u00fcn kalitemizi her zaman test ediyoruz ve ayr\u0131ca ani bir durma veya \u00e7arp\u0131\u015fma sim\u00fclasyonu i\u00e7in laboratuvarlar\u0131m\u0131z var.<\/p><p>\u0130kinci olarak, sekt\u00f6rdeki yeni teknolojilerin ve trendlerin her zaman \u00f6n saflar\u0131nda yer almam\u0131z\u0131 sa\u011flamak i\u00e7in ara\u015ft\u0131rma ve geli\u015ftirmeye b\u00fcy\u00fck yat\u0131r\u0131mlar yap\u0131yoruz. Buna yeni malzeme ve \u00fcretim tekniklerinin ara\u015ft\u0131r\u0131lmas\u0131n\u0131n yan\u0131 s\u0131ra yenilik\u00e7i yaz\u0131l\u0131m ve donan\u0131m \u00e7\u00f6z\u00fcmlerinin geli\u015ftirilmesi de d\u00e2hildir.<\/p><p>Son olarak, inovasyon felsefemiz ve b\u00fcy\u00fcme stratejimiz arac\u0131l\u0131\u011f\u0131yla k\u00fcresel eri\u015fimimizi geni\u015fletmeye kararl\u0131y\u0131z. Kilit pazarlar\u0131 belirleyerek ve yeni teknolojilere ve da\u011f\u0131t\u0131m kanallar\u0131na yat\u0131r\u0131m yaparak, yenilik\u00e7i g\u00fcvenlik \u00e7\u00f6z\u00fcmlerimizi d\u00fcnyan\u0131n d\u00f6rt bir yan\u0131ndaki m\u00fc\u015fterilerimize ula\u015ft\u0131rabiliriz.<\/p><p>Genel olarak b\u00fcy\u00fcme stratejimiz, m\u00fc\u015fterilerimize mevcut en kapsaml\u0131 pasif g\u00fcvenlik \u00e7\u00f6z\u00fcmleri yelpazesini sunmak i\u00e7in yeni teknolojilerden ve yeniliklerden yararlanmaya odaklanm\u0131\u015ft\u0131r. \u0130novasyon ve m\u00fckemmelli\u011fe olan ba\u011fl\u0131l\u0131\u011f\u0131m\u0131zla, \u00f6n\u00fcm\u00fczdeki y\u0131llarda da sekt\u00f6rde lider bir oyuncu olmaya devam edece\u011fimizden eminiz.<\/p>\t\t\t\t\t\t\t\t<\/div>\n\t\t\t\t<\/div>\n\t\t\t\t\t<\/div>\n\t\t<\/div>\n\t\t\t\t\t<\/div>\n\t\t<\/section>\n\t\t\t\t<section class=\"elementor-section elementor-top-section elementor-element elementor-element-e55ee2a elementor-section-content-middle elementor-section-stretched elementor-section-boxed elementor-section-height-default elementor-section-height-default\" data-id=\"e55ee2a\" data-element_type=\"section\" data-settings=\"{&quot;stretch_section&quot;:&quot;section-stretched&quot;}\">\n\t\t\t\t\t\t<div class=\"elementor-container elementor-column-gap-no\">\n\t\t\t\t\t<div class=\"elementor-column elementor-col-100 elementor-top-column elementor-element elementor-element-1b4b0350\" data-id=\"1b4b0350\" data-element_type=\"column\">\n\t\t\t<div class=\"elementor-widget-wrap elementor-element-populated\">\n\t\t\t\t\t\t<div class=\"elementor-element elementor-element-769f2334 elementor-widget elementor-widget-heading\" data-id=\"769f2334\" data-element_type=\"widget\" data-widget_type=\"heading.default\">\n\t\t\t\t<div class=\"elementor-widget-container\">\n\t\t\t\t\t<h2 class=\"elementor-heading-title elementor-size-default\">\u0130hracat Oran\u0131<\/h2>\t\t\t\t<\/div>\n\t\t\t\t<\/div>\n\t\t\t\t<section class=\"elementor-section elementor-inner-section elementor-element elementor-element-7b3e8980 elementor-section-boxed elementor-section-height-default elementor-section-height-default\" data-id=\"7b3e8980\" data-element_type=\"section\">\n\t\t\t\t\t\t<div class=\"elementor-container elementor-column-gap-default\">\n\t\t\t\t\t<div class=\"elementor-column elementor-col-33 elementor-inner-column elementor-element elementor-element-dca1d86\" data-id=\"dca1d86\" data-element_type=\"column\">\n\t\t\t<div class=\"elementor-widget-wrap elementor-element-populated\">\n\t\t\t\t\t\t<div class=\"elementor-element elementor-element-315abd3c elementor-widget elementor-widget-counter\" data-id=\"315abd3c\" data-element_type=\"widget\" data-widget_type=\"counter.default\">\n\t\t\t\t<div class=\"elementor-widget-container\">\n\t\t\t\t\t\t\t<div class=\"elementor-counter\">\n\t\t\t<div class=\"elementor-counter-title\">2021<\/div>\t\t\t<div class=\"elementor-counter-number-wrapper\">\n\t\t\t\t<span class=\"elementor-counter-number-prefix\"><\/span>\n\t\t\t\t<span class=\"elementor-counter-number\" data-duration=\"2000\" data-to-value=\"25\" data-from-value=\"1\" data-delimiter=\",\">1<\/span>\n\t\t\t\t<span class=\"elementor-counter-number-suffix\">%<\/span>\n\t\t\t<\/div>\n\t\t<\/div>\n\t\t\t\t\t\t<\/div>\n\t\t\t\t<\/div>\n\t\t\t\t\t<\/div>\n\t\t<\/div>\n\t\t\t\t<div class=\"elementor-column elementor-col-33 elementor-inner-column elementor-element elementor-element-701b85ef\" data-id=\"701b85ef\" data-element_type=\"column\">\n\t\t\t<div class=\"elementor-widget-wrap elementor-element-populated\">\n\t\t\t\t\t\t<div class=\"elementor-element elementor-element-58bd5afb elementor-widget elementor-widget-counter\" data-id=\"58bd5afb\" data-element_type=\"widget\" data-widget_type=\"counter.default\">\n\t\t\t\t<div class=\"elementor-widget-container\">\n\t\t\t\t\t\t\t<div class=\"elementor-counter\">\n\t\t\t<div class=\"elementor-counter-title\">2022<\/div>\t\t\t<div class=\"elementor-counter-number-wrapper\">\n\t\t\t\t<span class=\"elementor-counter-number-prefix\"><\/span>\n\t\t\t\t<span class=\"elementor-counter-number\" data-duration=\"2000\" data-to-value=\"36\" data-from-value=\"1\" data-delimiter=\",\">1<\/span>\n\t\t\t\t<span class=\"elementor-counter-number-suffix\">%<\/span>\n\t\t\t<\/div>\n\t\t<\/div>\n\t\t\t\t\t\t<\/div>\n\t\t\t\t<\/div>\n\t\t\t\t\t<\/div>\n\t\t<\/div>\n\t\t\t\t<div class=\"elementor-column elementor-col-33 elementor-inner-column elementor-element elementor-element-7709b276\" data-id=\"7709b276\" data-element_type=\"column\">\n\t\t\t<div class=\"elementor-widget-wrap elementor-element-populated\">\n\t\t\t\t\t\t<div class=\"elementor-element elementor-element-50430ba2 elementor-widget elementor-widget-counter\" data-id=\"50430ba2\" data-element_type=\"widget\" data-widget_type=\"counter.default\">\n\t\t\t\t<div class=\"elementor-widget-container\">\n\t\t\t\t\t\t\t<div class=\"elementor-counter\">\n\t\t\t<div class=\"elementor-counter-title\">2023 (*)<\/div>\t\t\t<div class=\"elementor-counter-number-wrapper\">\n\t\t\t\t<span class=\"elementor-counter-number-prefix\"><\/span>\n\t\t\t\t<span class=\"elementor-counter-number\" data-duration=\"2000\" data-to-value=\"42\" data-from-value=\"1\" data-delimiter=\",\">1<\/span>\n\t\t\t\t<span class=\"elementor-counter-number-suffix\">%<\/span>\n\t\t\t<\/div>\n\t\t<\/div>\n\t\t\t\t\t\t<\/div>\n\t\t\t\t<\/div>\n\t\t\t\t\t<\/div>\n\t\t<\/div>\n\t\t\t\t\t<\/div>\n\t\t<\/section>\n\t\t\t\t<div class=\"elementor-element elementor-element-e1804d5 elementor-widget elementor-widget-text-editor\" data-id=\"e1804d5\" data-element_type=\"widget\" data-widget_type=\"text-editor.default\">\n\t\t\t\t<div class=\"elementor-widget-container\">\n\t\t\t\t\t\t\t\t\t<p>(*): Hedeflenen \u0130hracat Oran\u0131<\/p>\t\t\t\t\t\t\t\t<\/div>\n\t\t\t\t<\/div>\n\t\t\t\t\t<\/div>\n\t\t<\/div>\n\t\t\t\t\t<\/div>\n\t\t<\/section>\n\t\t\t\t<section class=\"elementor-section elementor-top-section elementor-element elementor-element-28c29e0b elementor-section-content-middle elementor-section-stretched elementor-section-boxed elementor-section-height-default elementor-section-height-default\" data-id=\"28c29e0b\" data-element_type=\"section\" data-settings=\"{&quot;stretch_section&quot;:&quot;section-stretched&quot;,&quot;background_background&quot;:&quot;classic&quot;}\">\n\t\t\t\t\t\t<div class=\"elementor-container elementor-column-gap-no\">\n\t\t\t\t\t<div class=\"elementor-column elementor-col-100 elementor-top-column elementor-element elementor-element-74b87eb5\" data-id=\"74b87eb5\" data-element_type=\"column\">\n\t\t\t<div class=\"elementor-widget-wrap elementor-element-populated\">\n\t\t\t\t\t\t<div class=\"elementor-element elementor-element-1aae8b61 elementor-widget elementor-widget-heading\" data-id=\"1aae8b61\" data-element_type=\"widget\" data-widget_type=\"heading.default\">\n\t\t\t\t<div class=\"elementor-widget-container\">\n\t\t\t\t\t<h2 class=\"elementor-heading-title elementor-size-default\">Yat\u0131r\u0131mlar<\/h2>\t\t\t\t<\/div>\n\t\t\t\t<\/div>\n\t\t\t\t<div class=\"elementor-element elementor-element-898d9a4 elementor-widget elementor-widget-text-editor\" data-id=\"898d9a4\" data-element_type=\"widget\" data-widget_type=\"text-editor.default\">\n\t\t\t\t<div class=\"elementor-widget-container\">\n\t\t\t\t\t\t\t\t\t<h5 style=\"text-align: center;\">Dinamik \u00c7arp\u0131\u015fma Test Merkezi<\/h5>\t\t\t\t\t\t\t\t<\/div>\n\t\t\t\t<\/div>\n\t\t\t\t<section class=\"elementor-section elementor-inner-section elementor-element elementor-element-302b1227 elementor-section-content-middle elementor-section-boxed elementor-section-height-default elementor-section-height-default\" data-id=\"302b1227\" data-element_type=\"section\">\n\t\t\t\t\t\t<div class=\"elementor-container elementor-column-gap-no\">\n\t\t\t\t\t<div class=\"elementor-column elementor-col-50 elementor-inner-column elementor-element elementor-element-40c8a25c\" data-id=\"40c8a25c\" data-element_type=\"column\">\n\t\t\t<div class=\"elementor-widget-wrap elementor-element-populated\">\n\t\t\t\t\t\t<div class=\"elementor-element elementor-element-449eb711 elementor-position-top elementor-widget elementor-widget-image-box\" data-id=\"449eb711\" data-element_type=\"widget\" data-widget_type=\"image-box.default\">\n\t\t\t\t<div class=\"elementor-widget-container\">\n\t\t\t\t\t<div class=\"elementor-image-box-wrapper\"><figure class=\"elementor-image-box-img\"><img fetchpriority=\"high\" decoding=\"async\" width=\"916\" height=\"512\" src=\"https:\/\/arkpres.com\/wp-content\/uploads\/2023\/05\/dynamic-crash-test.png\" class=\"attachment-full size-full wp-image-2152\" alt=\"\" srcset=\"https:\/\/arkpres.com\/wp-content\/uploads\/2023\/05\/dynamic-crash-test.png 916w, https:\/\/arkpres.com\/wp-content\/uploads\/2023\/05\/dynamic-crash-test-300x168.png 300w, https:\/\/arkpres.com\/wp-content\/uploads\/2023\/05\/dynamic-crash-test-768x429.png 768w\" sizes=\"(max-width: 916px) 100vw, 916px\" \/><\/figure><\/div>\t\t\t\t<\/div>\n\t\t\t\t<\/div>\n\t\t\t\t\t<\/div>\n\t\t<\/div>\n\t\t\t\t<div class=\"elementor-column elementor-col-50 elementor-inner-column elementor-element elementor-element-e785910\" data-id=\"e785910\" data-element_type=\"column\">\n\t\t\t<div class=\"elementor-widget-wrap elementor-element-populated\">\n\t\t\t\t\t\t<div class=\"elementor-element elementor-element-706fee0 elementor-widget elementor-widget-video\" data-id=\"706fee0\" data-element_type=\"widget\" data-settings=\"{&quot;video_type&quot;:&quot;hosted&quot;,&quot;autoplay&quot;:&quot;yes&quot;,&quot;mute&quot;:&quot;yes&quot;}\" data-widget_type=\"video.default\">\n\t\t\t\t<div class=\"elementor-widget-container\">\n\t\t\t\t\t\t\t<div class=\"e-hosted-video elementor-wrapper elementor-open-inline\">\n\t\t\t\t\t<video class=\"elementor-video\" src=\"https:\/\/arkpres.com\/wp-content\/uploads\/2023\/05\/2-point-safety-belt-encoded.mp4\" autoplay=\"\" muted=\"muted\" controlsList=\"nodownload\"><\/video>\n\t\t\t\t<\/div>\n\t\t\t\t\t\t<\/div>\n\t\t\t\t<\/div>\n\t\t\t\t\t<\/div>\n\t\t<\/div>\n\t\t\t\t\t<\/div>\n\t\t<\/section>\n\t\t\t\t<div class=\"elementor-element elementor-element-f301a19 elementor-widget elementor-widget-text-editor\" data-id=\"f301a19\" data-element_type=\"widget\" data-widget_type=\"text-editor.default\">\n\t\t\t\t<div class=\"elementor-widget-container\">\n\t\t\t\t\t\t\t\t\t<h5 style=\"text-align: center;\">Yar\u0131 Otomatik Montaj Hatlar\u0131<\/h5>\t\t\t\t\t\t\t\t<\/div>\n\t\t\t\t<\/div>\n\t\t\t\t<section class=\"elementor-section elementor-inner-section elementor-element elementor-element-3be1188 elementor-section-content-middle elementor-section-boxed elementor-section-height-default elementor-section-height-default\" data-id=\"3be1188\" data-element_type=\"section\">\n\t\t\t\t\t\t<div class=\"elementor-container elementor-column-gap-no\">\n\t\t\t\t\t<div class=\"elementor-column elementor-col-100 elementor-inner-column elementor-element elementor-element-0895ff9\" data-id=\"0895ff9\" data-element_type=\"column\">\n\t\t\t<div class=\"elementor-widget-wrap elementor-element-populated\">\n\t\t\t\t\t\t<div class=\"elementor-element elementor-element-1017c84 elementor-position-top elementor-widget elementor-widget-image-box\" data-id=\"1017c84\" data-element_type=\"widget\" data-widget_type=\"image-box.default\">\n\t\t\t\t<div class=\"elementor-widget-container\">\n\t\t\t\t\t<div class=\"elementor-image-box-wrapper\"><figure class=\"elementor-image-box-img\"><img decoding=\"async\" width=\"1270\" height=\"595\" src=\"https:\/\/arkpres.com\/wp-content\/uploads\/2023\/05\/semi-auto-assembly-lines.webp\" class=\"attachment-full size-full wp-image-2163\" alt=\"\" srcset=\"https:\/\/arkpres.com\/wp-content\/uploads\/2023\/05\/semi-auto-assembly-lines.webp 1270w, https:\/\/arkpres.com\/wp-content\/uploads\/2023\/05\/semi-auto-assembly-lines-300x141.webp 300w, https:\/\/arkpres.com\/wp-content\/uploads\/2023\/05\/semi-auto-assembly-lines-1024x480.webp 1024w, https:\/\/arkpres.com\/wp-content\/uploads\/2023\/05\/semi-auto-assembly-lines-768x360.webp 768w\" sizes=\"(max-width: 1270px) 100vw, 1270px\" \/><\/figure><\/div>\t\t\t\t<\/div>\n\t\t\t\t<\/div>\n\t\t\t\t\t<\/div>\n\t\t<\/div>\n\t\t\t\t\t<\/div>\n\t\t<\/section>\n\t\t\t\t\t<\/div>\n\t\t<\/div>\n\t\t\t\t\t<\/div>\n\t\t<\/section>\n\t\t\t\t<\/div>\n\t\t","protected":false},"excerpt":{"rendered":"<p>ARKPRES&#8217;in Gelece\u011fi<\/p>\n","protected":false},"author":1,"featured_media":4560,"parent":4797,"menu_order":25,"comment_status":"closed","ping_status":"closed","template":"","meta":{"_eb_attr":"","inline_featured_image":false,"footnotes":""},"class_list":["post-4800","page","type-page","status-publish","has-post-thumbnail","hentry"],"_links":{"self":[{"href":"https:\/\/arkpres.com\/tr\/wp-json\/wp\/v2\/pages\/4800","targetHints":{"allow":["GET"]}}],"collection":[{"href":"https:\/\/arkpres.com\/tr\/wp-json\/wp\/v2\/pages"}],"about":[{"href":"https:\/\/arkpres.com\/tr\/wp-json\/wp\/v2\/types\/page"}],"author":[{"embeddable":true,"href":"https:\/\/arkpres.com\/tr\/wp-json\/wp\/v2\/users\/1"}],"replies":[{"embeddable":true,"href":"https:\/\/arkpres.com\/tr\/wp-json\/wp\/v2\/comments?post=4800"}],"version-history":[{"count":0,"href":"https:\/\/arkpres.com\/tr\/wp-json\/wp\/v2\/pages\/4800\/revisions"}],"up":[{"embeddable":true,"href":"https:\/\/arkpres.com\/tr\/wp-json\/wp\/v2\/pages\/4797"}],"wp:featuredmedia":[{"embeddable":true,"href":"https:\/\/arkpres.com\/tr\/wp-json\/wp\/v2\/media\/4560"}],"wp:attachment":[{"href":"https:\/\/arkpres.com\/tr\/wp-json\/wp\/v2\/media?parent=4800"}],"curies":[{"name":"wp","href":"https:\/\/api.w.org\/{rel}","templated":true}]}}