{"id":4801,"date":"2023-04-06T13:22:38","date_gmt":"2023-04-06T10:22:38","guid":{"rendered":"https:\/\/arkpres.com\/about-us\/environment-policy\/"},"modified":"2024-02-01T10:13:54","modified_gmt":"2024-02-01T07:13:54","slug":"cevre-politikasi","status":"publish","type":"page","link":"https:\/\/arkpres.com\/tr\/biz-kimiz\/cevre-politikasi\/","title":{"rendered":"\u00c7evre Politikas\u0131"},"content":{"rendered":"\t\t<div data-elementor-type=\"wp-page\" data-elementor-id=\"4801\" class=\"elementor elementor-4801 elementor-380\" data-elementor-post-type=\"page\">\n\t\t\t\t\t\t<section class=\"elementor-section elementor-top-section elementor-element elementor-element-664e77d elementor-section-full_width elementor-section-stretched elementor-section-height-default elementor-section-height-default\" data-id=\"664e77d\" data-element_type=\"section\" data-settings=\"{&quot;stretch_section&quot;:&quot;section-stretched&quot;}\">\n\t\t\t\t\t\t<div class=\"elementor-container elementor-column-gap-default\">\n\t\t\t\t\t<div class=\"elementor-column elementor-col-33 elementor-top-column elementor-element elementor-element-1329d87\" data-id=\"1329d87\" data-element_type=\"column\">\n\t\t\t<div class=\"elementor-widget-wrap elementor-element-populated\">\n\t\t\t\t\t\t<div class=\"elementor-element elementor-element-b83c2f4 elementor-widget-divider--view-line elementor-widget elementor-widget-divider\" data-id=\"b83c2f4\" data-element_type=\"widget\" data-widget_type=\"divider.default\">\n\t\t\t\t<div class=\"elementor-widget-container\">\n\t\t\t\t\t\t\t<div class=\"elementor-divider\">\n\t\t\t<span class=\"elementor-divider-separator\">\n\t\t\t\t\t\t<\/span>\n\t\t<\/div>\n\t\t\t\t\t\t<\/div>\n\t\t\t\t<\/div>\n\t\t\t\t\t<\/div>\n\t\t<\/div>\n\t\t\t\t<div class=\"elementor-column elementor-col-33 elementor-top-column elementor-element elementor-element-dbcae1a\" data-id=\"dbcae1a\" data-element_type=\"column\">\n\t\t\t<div class=\"elementor-widget-wrap elementor-element-populated\">\n\t\t\t\t\t\t<div class=\"elementor-element elementor-element-b445ba4 elementor-widget elementor-widget-text-editor\" data-id=\"b445ba4\" data-element_type=\"widget\" data-widget_type=\"text-editor.default\">\n\t\t\t\t<div class=\"elementor-widget-container\">\n\t\t\t\t\t\t\t\t\t<p>\u00c7evreyi korumaya ve karbon ayak izimizi azaltmaya kararl\u0131y\u0131z. \u0130\u015fimizin gezegen \u00fczerinde yaratabilece\u011fi etkinin fark\u0131nday\u0131z ve s\u00fcrd\u00fcr\u00fclebilir uygulamalar ve s\u00fcrekli iyile\u015ftirme yoluyla bu etkiyi en aza indirmeye kendimizi adad\u0131k.<\/p>\t\t\t\t\t\t\t\t<\/div>\n\t\t\t\t<\/div>\n\t\t\t\t\t<\/div>\n\t\t<\/div>\n\t\t\t\t<div class=\"elementor-column elementor-col-33 elementor-top-column elementor-element elementor-element-fd7f7cb\" data-id=\"fd7f7cb\" data-element_type=\"column\">\n\t\t\t<div class=\"elementor-widget-wrap elementor-element-populated\">\n\t\t\t\t\t\t<div class=\"elementor-element elementor-element-612de00 elementor-widget-divider--view-line elementor-widget elementor-widget-divider\" data-id=\"612de00\" data-element_type=\"widget\" data-widget_type=\"divider.default\">\n\t\t\t\t<div class=\"elementor-widget-container\">\n\t\t\t\t\t\t\t<div class=\"elementor-divider\">\n\t\t\t<span class=\"elementor-divider-separator\">\n\t\t\t\t\t\t<\/span>\n\t\t<\/div>\n\t\t\t\t\t\t<\/div>\n\t\t\t\t<\/div>\n\t\t\t\t\t<\/div>\n\t\t<\/div>\n\t\t\t\t\t<\/div>\n\t\t<\/section>\n\t\t\t\t<section class=\"elementor-section elementor-top-section elementor-element elementor-element-40ae085e elementor-section-content-middle elementor-section-stretched elementor-section-boxed elementor-section-height-default elementor-section-height-default\" data-id=\"40ae085e\" data-element_type=\"section\" data-settings=\"{&quot;motion_fx_motion_fx_scrolling&quot;:&quot;yes&quot;,&quot;stretch_section&quot;:&quot;section-stretched&quot;,&quot;motion_fx_devices&quot;:[&quot;desktop&quot;,&quot;tablet&quot;,&quot;mobile&quot;]}\">\n\t\t\t\t\t\t<div class=\"elementor-container elementor-column-gap-no\">\n\t\t\t\t\t<div class=\"elementor-column elementor-col-50 elementor-top-column elementor-element elementor-element-1239be61\" data-id=\"1239be61\" data-element_type=\"column\" data-settings=\"{&quot;background_background&quot;:&quot;classic&quot;}\">\n\t\t\t<div class=\"elementor-widget-wrap elementor-element-populated\">\n\t\t\t\t\t\t<div class=\"elementor-element elementor-element-5e69f144 animated-slow elementor-invisible elementor-widget elementor-widget-image\" data-id=\"5e69f144\" data-element_type=\"widget\" data-settings=\"{&quot;_animation&quot;:&quot;fadeIn&quot;}\" data-widget_type=\"image.default\">\n\t\t\t\t<div class=\"elementor-widget-container\">\n\t\t\t\t\t\t\t\t\t\t\t\t\t\t\t<img fetchpriority=\"high\" decoding=\"async\" width=\"800\" height=\"600\" src=\"https:\/\/arkpres.com\/wp-content\/uploads\/2023\/04\/tested-safety-sq-A.jpg\" class=\"attachment-full size-full wp-image-4411\" alt=\"\" srcset=\"https:\/\/arkpres.com\/wp-content\/uploads\/2023\/04\/tested-safety-sq-A.jpg 800w, https:\/\/arkpres.com\/wp-content\/uploads\/2023\/04\/tested-safety-sq-A-300x225.jpg 300w, https:\/\/arkpres.com\/wp-content\/uploads\/2023\/04\/tested-safety-sq-A-768x576.jpg 768w\" sizes=\"(max-width: 800px) 100vw, 800px\" \/>\t\t\t\t\t\t\t\t\t\t\t\t\t\t\t<\/div>\n\t\t\t\t<\/div>\n\t\t\t\t\t<\/div>\n\t\t<\/div>\n\t\t\t\t<div class=\"elementor-column elementor-col-50 elementor-top-column elementor-element elementor-element-4c505c4\" data-id=\"4c505c4\" data-element_type=\"column\">\n\t\t\t<div class=\"elementor-widget-wrap elementor-element-populated\">\n\t\t\t\t\t\t<section class=\"elementor-section elementor-inner-section elementor-element elementor-element-5b9b577b elementor-section-full_width elementor-section-height-default elementor-section-height-default\" data-id=\"5b9b577b\" data-element_type=\"section\">\n\t\t\t\t\t\t<div class=\"elementor-container elementor-column-gap-no\">\n\t\t\t\t\t<div class=\"elementor-column elementor-col-100 elementor-inner-column elementor-element elementor-element-5844befb\" data-id=\"5844befb\" data-element_type=\"column\">\n\t\t\t<div class=\"elementor-widget-wrap elementor-element-populated\">\n\t\t\t\t\t\t<div class=\"elementor-element elementor-element-2d6324bd elementor-widget elementor-widget-heading\" data-id=\"2d6324bd\" data-element_type=\"widget\" data-widget_type=\"heading.default\">\n\t\t\t\t<div class=\"elementor-widget-container\">\n\t\t\t\t\t<h1 class=\"elementor-heading-title elementor-size-default\">Tek Ama\u00e7<br>Tek Gezegen<\/h1>\t\t\t\t<\/div>\n\t\t\t\t<\/div>\n\t\t\t\t<div class=\"elementor-element elementor-element-36ee130f elementor-widget elementor-widget-heading\" data-id=\"36ee130f\" data-element_type=\"widget\" data-widget_type=\"heading.default\">\n\t\t\t\t<div class=\"elementor-widget-container\">\n\t\t\t\t\t<h5 class=\"elementor-heading-title elementor-size-default\">Ya\u015famak i\u00e7in alternatif bir ya\u015fam alan\u0131m\u0131z yok!<\/h5>\t\t\t\t<\/div>\n\t\t\t\t<\/div>\n\t\t\t\t\t<\/div>\n\t\t<\/div>\n\t\t\t\t\t<\/div>\n\t\t<\/section>\n\t\t\t\t\t<\/div>\n\t\t<\/div>\n\t\t\t\t\t<\/div>\n\t\t<\/section>\n\t\t\t\t<section class=\"elementor-section elementor-top-section elementor-element elementor-element-bfd70e4 elementor-section-full_width elementor-section-stretched elementor-section-height-default elementor-section-height-default\" data-id=\"bfd70e4\" data-element_type=\"section\" data-settings=\"{&quot;stretch_section&quot;:&quot;section-stretched&quot;,&quot;background_background&quot;:&quot;classic&quot;}\">\n\t\t\t\t\t\t\t<div class=\"elementor-background-overlay\"><\/div>\n\t\t\t\t\t\t\t<div class=\"elementor-container elementor-column-gap-no\">\n\t\t\t\t\t<div class=\"elementor-column elementor-col-100 elementor-top-column elementor-element elementor-element-4b5e22e\" data-id=\"4b5e22e\" data-element_type=\"column\">\n\t\t\t<div class=\"elementor-widget-wrap elementor-element-populated\">\n\t\t\t\t\t\t<div class=\"elementor-element elementor-element-6ff9b23 elementor-widget elementor-widget-image\" data-id=\"6ff9b23\" data-element_type=\"widget\" data-widget_type=\"image.default\">\n\t\t\t\t<div class=\"elementor-widget-container\">\n\t\t\t\t\t\t\t\t\t\t\t\t\t\t\t<img decoding=\"async\" width=\"800\" height=\"250\" src=\"https:\/\/arkpres.com\/wp-content\/uploads\/2023\/06\/environment-inline-bigger-1024x320.jpg\" class=\"attachment-large size-large wp-image-4737\" alt=\"\" srcset=\"https:\/\/arkpres.com\/wp-content\/uploads\/2023\/06\/environment-inline-bigger-1024x320.jpg 1024w, https:\/\/arkpres.com\/wp-content\/uploads\/2023\/06\/environment-inline-bigger-300x94.jpg 300w, https:\/\/arkpres.com\/wp-content\/uploads\/2023\/06\/environment-inline-bigger-768x240.jpg 768w, https:\/\/arkpres.com\/wp-content\/uploads\/2023\/06\/environment-inline-bigger-1536x480.jpg 1536w, https:\/\/arkpres.com\/wp-content\/uploads\/2023\/06\/environment-inline-bigger.jpg 1920w\" sizes=\"(max-width: 800px) 100vw, 800px\" \/>\t\t\t\t\t\t\t\t\t\t\t\t\t\t\t<\/div>\n\t\t\t\t<\/div>\n\t\t\t\t\t<\/div>\n\t\t<\/div>\n\t\t\t\t\t<\/div>\n\t\t<\/section>\n\t\t\t\t<section class=\"elementor-section elementor-top-section elementor-element elementor-element-5e9ca278 elementor-section-content-middle elementor-section-stretched elementor-section-boxed elementor-section-height-default elementor-section-height-default\" data-id=\"5e9ca278\" data-element_type=\"section\" data-settings=\"{&quot;stretch_section&quot;:&quot;section-stretched&quot;}\">\n\t\t\t\t\t\t<div class=\"elementor-container elementor-column-gap-no\">\n\t\t\t\t\t<div class=\"elementor-column elementor-col-100 elementor-top-column elementor-element elementor-element-460fba67\" data-id=\"460fba67\" data-element_type=\"column\">\n\t\t\t<div class=\"elementor-widget-wrap elementor-element-populated\">\n\t\t\t\t\t\t<div class=\"elementor-element elementor-element-5a035e3a elementor-widget elementor-widget-heading\" data-id=\"5a035e3a\" data-element_type=\"widget\" data-widget_type=\"heading.default\">\n\t\t\t\t<div class=\"elementor-widget-container\">\n\t\t\t\t\t<h3 class=\"elementor-heading-title elementor-size-default\">\u0130lerleme Sa\u011flamak, S\u00fcrd\u00fcr\u00fclebilirli\u011fi Etkinle\u015ftirmek:<br>\u00c7evre Politikam\u0131z \u0130\u015f Ba\u015f\u0131nda<\/h3>\t\t\t\t<\/div>\n\t\t\t\t<\/div>\n\t\t\t\t<div class=\"elementor-element elementor-element-3533f0cf elementor-widget elementor-widget-text-editor\" data-id=\"3533f0cf\" data-element_type=\"widget\" data-widget_type=\"text-editor.default\">\n\t\t\t\t<div class=\"elementor-widget-container\">\n\t\t\t\t\t\t\t\t\tT\u00fcm faaliyetlerimiz y\u00fcr\u00fcrl\u00fckteki \u00e7evre yasalar\u0131, y\u00f6netmelikleri ve di\u011fer ilgili h\u00fck\u00fcmlere g\u00f6re y\u00fcr\u00fct\u00fclmektedir.\t\t\t\t\t\t\t\t<\/div>\n\t\t\t\t<\/div>\n\t\t\t\t<section class=\"elementor-section elementor-inner-section elementor-element elementor-element-4e8bfcaa elementor-section-boxed elementor-section-height-default elementor-section-height-default\" data-id=\"4e8bfcaa\" data-element_type=\"section\">\n\t\t\t\t\t\t<div class=\"elementor-container elementor-column-gap-default\">\n\t\t\t\t\t<div class=\"elementor-column elementor-col-100 elementor-inner-column elementor-element elementor-element-4aab1946\" data-id=\"4aab1946\" data-element_type=\"column\">\n\t\t\t<div class=\"elementor-widget-wrap elementor-element-populated\">\n\t\t\t\t\t\t<div class=\"elementor-element elementor-element-5d9d3bbd elementor-widget elementor-widget-text-editor\" data-id=\"5d9d3bbd\" data-element_type=\"widget\" data-widget_type=\"text-editor.default\">\n\t\t\t\t<div class=\"elementor-widget-container\">\n\t\t\t\t\t\t\t\t\t<p>ARKPRES olarak \u00fcretim ve sat\u0131\u015f\u0131n\u0131 ger\u00e7ekle\u015ftirdi\u011fimiz Emniyet Kemerleri, Telli Koltuk Karkaslar\u0131, \u0130tme-\u00c7ekme Yaylar\u0131, Pres Par\u00e7alar\u0131 ve Kemer Alt Par\u00e7alar\u0131 i\u00e7in Enjeksiyon Kal\u0131pl\u0131 Plastik Par\u00e7alar\u0131n tasar\u0131m ve \u00fcretiminde do\u011fal \u00e7evrenin korunmas\u0131 ve \u00e7evre kirlili\u011finin \u00f6nlenmesi amac\u0131yla bir \u00c7evre Politikas\u0131 geli\u015ftirdik.<\/p><p>Faaliyetlerimizi \u00e7evre ile ilgili kanun, y\u00f6netmelik ve di\u011fer ilgili h\u00fck\u00fcmlere uygun olarak y\u00fcr\u00fctmek.<br \/>\u00c7evre Y\u00f6netim Sisteminin s\u00fcrekli geli\u015fimini sa\u011flamak.<br \/>\u00c7al\u0131\u015fanlar\u0131m\u0131z\u0131n \u00e7evre bilincini geli\u015ftirmek i\u00e7in e\u011fitim faaliyetlerine devam etmek ve s\u00fcrekli kat\u0131l\u0131mlar\u0131n\u0131 sa\u011flamak.<br \/>Faaliyetlerimizi ger\u00e7ekle\u015ftirirken \u00e7evreye kar\u015f\u0131 duyarl\u0131 olmak ve \u0130SG gerekliliklerine uygun hareket etmek,<br \/>\u00c7evre Y\u00f6netim Sisteminin yasal \u015fartlara ve mevzuata uygun olarak y\u00fcr\u00fct\u00fclmesini sa\u011flamak.<br \/>\u00dcretim s\u0131ras\u0131nda kullan\u0131lan t\u00fcm do\u011fal kaynaklar\u0131n t\u00fcketimini azaltmak.<\/p>\t\t\t\t\t\t\t\t<\/div>\n\t\t\t\t<\/div>\n\t\t\t\t\t<\/div>\n\t\t<\/div>\n\t\t\t\t\t<\/div>\n\t\t<\/section>\n\t\t\t\t\t<\/div>\n\t\t<\/div>\n\t\t\t\t\t<\/div>\n\t\t<\/section>\n\t\t\t\t<section class=\"elementor-section elementor-top-section elementor-element elementor-element-43c63a3 elementor-section-boxed elementor-section-height-default elementor-section-height-default\" data-id=\"43c63a3\" data-element_type=\"section\">\n\t\t\t\t\t\t<div class=\"elementor-container elementor-column-gap-default\">\n\t\t\t\t\t<div class=\"elementor-column elementor-col-100 elementor-top-column elementor-element elementor-element-345c997\" data-id=\"345c997\" data-element_type=\"column\">\n\t\t\t<div class=\"elementor-widget-wrap elementor-element-populated\">\n\t\t\t\t\t\t<section class=\"elementor-section elementor-inner-section elementor-element elementor-element-720ec59 elementor-section-boxed elementor-section-height-default elementor-section-height-default\" data-id=\"720ec59\" data-element_type=\"section\">\n\t\t\t\t\t\t<div class=\"elementor-container elementor-column-gap-default\">\n\t\t\t\t\t<div class=\"elementor-column elementor-col-50 elementor-inner-column elementor-element elementor-element-832f44a\" data-id=\"832f44a\" data-element_type=\"column\">\n\t\t\t<div class=\"elementor-widget-wrap elementor-element-populated\">\n\t\t\t\t\t\t<div class=\"elementor-element elementor-element-badc129 elementor-widget__width-inherit elementor-view-default elementor-widget elementor-widget-icon\" data-id=\"badc129\" data-element_type=\"widget\" data-widget_type=\"icon.default\">\n\t\t\t\t<div class=\"elementor-widget-container\">\n\t\t\t\t\t\t\t<div class=\"elementor-icon-wrapper\">\n\t\t\t<a class=\"elementor-icon\" href=\"https:\/\/arkpres.com\/wp-content\/uploads\/2023\/09\/42-PT-01-CEVRE-POLITIKASI.pdf\" target=\"_blank\">\n\t\t\t<i aria-hidden=\"true\" class=\"fas fa-download\"><\/i>\t\t\t<\/a>\n\t\t<\/div>\n\t\t\t\t\t\t<\/div>\n\t\t\t\t<\/div>\n\t\t\t\t\t<\/div>\n\t\t<\/div>\n\t\t\t\t<div class=\"elementor-column elementor-col-50 elementor-inner-column elementor-element elementor-element-47aebef\" data-id=\"47aebef\" data-element_type=\"column\">\n\t\t\t<div class=\"elementor-widget-wrap elementor-element-populated\">\n\t\t\t\t\t\t<div class=\"elementor-element elementor-element-8d1f2ae elementor-widget elementor-widget-text-editor\" data-id=\"8d1f2ae\" data-element_type=\"widget\" data-widget_type=\"text-editor.default\">\n\t\t\t\t<div class=\"elementor-widget-container\">\n\t\t\t\t\t\t\t\t\t<p>ARKPRES \u00c7evre Politikas\u0131<\/p>\t\t\t\t\t\t\t\t<\/div>\n\t\t\t\t<\/div>\n\t\t\t\t\t<\/div>\n\t\t<\/div>\n\t\t\t\t\t<\/div>\n\t\t<\/section>\n\t\t\t\t<section class=\"elementor-section elementor-inner-section elementor-element elementor-element-4153b54 elementor-section-boxed elementor-section-height-default elementor-section-height-default\" data-id=\"4153b54\" data-element_type=\"section\">\n\t\t\t\t\t\t<div class=\"elementor-container elementor-column-gap-default\">\n\t\t\t\t\t<div class=\"elementor-column elementor-col-50 elementor-inner-column elementor-element elementor-element-07fbef6\" data-id=\"07fbef6\" data-element_type=\"column\">\n\t\t\t<div class=\"elementor-widget-wrap elementor-element-populated\">\n\t\t\t\t\t\t<div class=\"elementor-element elementor-element-7db6b3a elementor-widget__width-inherit elementor-view-default elementor-widget elementor-widget-icon\" data-id=\"7db6b3a\" data-element_type=\"widget\" data-widget_type=\"icon.default\">\n\t\t\t\t<div class=\"elementor-widget-container\">\n\t\t\t\t\t\t\t<div class=\"elementor-icon-wrapper\">\n\t\t\t<a class=\"elementor-icon\" href=\"https:\/\/arkpres.com\/wp-content\/uploads\/2023\/07\/arkpres-vcu-verified-carbon-standard.pdf\" target=\"_blank\">\n\t\t\t<i aria-hidden=\"true\" class=\"fas fa-download\"><\/i>\t\t\t<\/a>\n\t\t<\/div>\n\t\t\t\t\t\t<\/div>\n\t\t\t\t<\/div>\n\t\t\t\t\t<\/div>\n\t\t<\/div>\n\t\t\t\t<div class=\"elementor-column elementor-col-50 elementor-inner-column elementor-element elementor-element-604b176\" data-id=\"604b176\" data-element_type=\"column\">\n\t\t\t<div class=\"elementor-widget-wrap elementor-element-populated\">\n\t\t\t\t\t\t<div class=\"elementor-element elementor-element-a50ca97 elementor-widget elementor-widget-text-editor\" data-id=\"a50ca97\" data-element_type=\"widget\" data-widget_type=\"text-editor.default\">\n\t\t\t\t<div class=\"elementor-widget-container\">\n\t\t\t\t\t\t\t\t\t<p>VERRA Do\u011frulanm\u0131\u015f Karbon Standard\u0131<\/p>\t\t\t\t\t\t\t\t<\/div>\n\t\t\t\t<\/div>\n\t\t\t\t\t<\/div>\n\t\t<\/div>\n\t\t\t\t\t<\/div>\n\t\t<\/section>\n\t\t\t\t\t<\/div>\n\t\t<\/div>\n\t\t\t\t\t<\/div>\n\t\t<\/section>\n\t\t\t\t<section class=\"elementor-section elementor-top-section elementor-element elementor-element-1eddeda elementor-section-boxed elementor-section-height-default elementor-section-height-default\" data-id=\"1eddeda\" data-element_type=\"section\">\n\t\t\t\t\t\t<div class=\"elementor-container elementor-column-gap-default\">\n\t\t\t\t\t<div class=\"elementor-column elementor-col-100 elementor-top-column elementor-element elementor-element-c0f7ed2\" data-id=\"c0f7ed2\" data-element_type=\"column\">\n\t\t\t<div class=\"elementor-widget-wrap elementor-element-populated\">\n\t\t\t\t\t\t<div class=\"elementor-element elementor-element-103e335 elementor-widget elementor-widget-heading\" data-id=\"103e335\" data-element_type=\"widget\" data-widget_type=\"heading.default\">\n\t\t\t\t<div class=\"elementor-widget-container\">\n\t\t\t\t\t<h2 class=\"elementor-heading-title elementor-size-default\">I\u0307\u015e SA\u011eLI\u011eI VE G\u00dcVENLI\u0307\u011eI\u0307 POLI\u0307TI\u0307KASI<\/h2>\t\t\t\t<\/div>\n\t\t\t\t<\/div>\n\t\t\t\t<div class=\"elementor-element elementor-element-3540e2a elementor-widget elementor-widget-text-editor\" data-id=\"3540e2a\" data-element_type=\"widget\" data-widget_type=\"text-editor.default\">\n\t\t\t\t<div class=\"elementor-widget-container\">\n\t\t\t\t\t\t\t\t\t<ol><li>\u0130\u015fyerlerimizde t\u00fcm yasal \u00e7al\u0131\u015fma ko\u015fullar\u0131n\u0131 kar\u015f\u0131layacak \u015fekilde en g\u00fcvenli ve en sa\u011fl\u0131kl\u0131 \u00e7al\u0131\u015fma ortam\u0131n\u0131 sa\u011flamak.<\/li><li>Kaza, hastal\u0131k, yaralanma, yang\u0131n gibi can ve mal g\u00fcvenli\u011fini tehdit eden olaylar\u0131n tehlikelerini ortadan kald\u0131rmak.<\/li><li>\u00dcretim ve destek b\u00f6l\u00fcmlerinin, t\u00fcm tesis ve ekipmanlar\u0131n tasar\u0131m, i\u015fletme ve bak\u0131m\u0131nda bu politika \u00e7er\u00e7evesinde faaliyet g\u00f6stermek.<\/li><li>T\u00fcm \u00e7al\u0131\u015fanlar\u0131n mevcut i\u015f g\u00fcvenli\u011fi kural ve prosed\u00fcrlerine tam olarak uymas\u0131n\u0131 sa\u011flamak.<\/li><li>\u00c7al\u0131\u015fanlar ve y\u00f6netim, bu politikaya uymak ve y\u00f6netim sisteminin gerekliliklerini yerine getirmek ve bu sistemi s\u00fcrekli iyile\u015ftirmek i\u00e7in ellerinden gelen \u00e7abay\u0131 g\u00f6sterecektir.<\/li><\/ol>\t\t\t\t\t\t\t\t<\/div>\n\t\t\t\t<\/div>\n\t\t\t\t<section class=\"elementor-section elementor-inner-section elementor-element elementor-element-21a2ba1 elementor-section-boxed elementor-section-height-default elementor-section-height-default\" data-id=\"21a2ba1\" data-element_type=\"section\">\n\t\t\t\t\t\t<div class=\"elementor-container elementor-column-gap-default\">\n\t\t\t\t\t<div class=\"elementor-column elementor-col-50 elementor-inner-column elementor-element elementor-element-e20b908\" data-id=\"e20b908\" data-element_type=\"column\">\n\t\t\t<div class=\"elementor-widget-wrap elementor-element-populated\">\n\t\t\t\t\t\t<div class=\"elementor-element elementor-element-26c44bc elementor-widget__width-inherit elementor-view-default elementor-widget elementor-widget-icon\" data-id=\"26c44bc\" data-element_type=\"widget\" data-widget_type=\"icon.default\">\n\t\t\t\t<div class=\"elementor-widget-container\">\n\t\t\t\t\t\t\t<div class=\"elementor-icon-wrapper\">\n\t\t\t<a class=\"elementor-icon\" href=\"https:\/\/arkpres.com\/wp-content\/uploads\/2023\/09\/ISG-42-PT-01-ISG-POLITIKASI.pdf\" target=\"_blank\">\n\t\t\t<i aria-hidden=\"true\" class=\"fas fa-download\"><\/i>\t\t\t<\/a>\n\t\t<\/div>\n\t\t\t\t\t\t<\/div>\n\t\t\t\t<\/div>\n\t\t\t\t\t<\/div>\n\t\t<\/div>\n\t\t\t\t<div class=\"elementor-column elementor-col-50 elementor-inner-column elementor-element elementor-element-e4855c4\" data-id=\"e4855c4\" data-element_type=\"column\">\n\t\t\t<div class=\"elementor-widget-wrap elementor-element-populated\">\n\t\t\t\t\t\t<div class=\"elementor-element elementor-element-de9d1c3 elementor-widget elementor-widget-text-editor\" data-id=\"de9d1c3\" data-element_type=\"widget\" data-widget_type=\"text-editor.default\">\n\t\t\t\t<div class=\"elementor-widget-container\">\n\t\t\t\t\t\t\t\t\t<p>\u0130\u015f Sa\u011fl\u0131\u011f\u0131 ve G\u00fcvenli\u011fi Politikas\u0131<\/p>\t\t\t\t\t\t\t\t<\/div>\n\t\t\t\t<\/div>\n\t\t\t\t\t<\/div>\n\t\t<\/div>\n\t\t\t\t\t<\/div>\n\t\t<\/section>\n\t\t\t\t\t<\/div>\n\t\t<\/div>\n\t\t\t\t\t<\/div>\n\t\t<\/section>\n\t\t\t\t<\/div>\n\t\t","protected":false},"excerpt":{"rendered":"<p>\u00c7evreyi korumaya ve karbon ayak izimizi azaltmaya kararl\u0131y\u0131z. \u0130\u015fimizin gezegen \u00fczerinde yaratabilece\u011fi etkinin fark\u0131nday\u0131z ve s\u00fcrd\u00fcr\u00fclebilir uygulamalar ve s\u00fcrekli iyile\u015ftirme yoluyla bu etkiyi en aza indirmeye kendimizi adad\u0131k. Tek Ama\u00e7Tek Gezegen Ya\u015famak i\u00e7in alternatif bir ya\u015fam alan\u0131m\u0131z yok! \u0130lerleme Sa\u011flamak, S\u00fcrd\u00fcr\u00fclebilirli\u011fi Etkinle\u015ftirmek:\u00c7evre Politikam\u0131z \u0130\u015f Ba\u015f\u0131nda T\u00fcm faaliyetlerimiz y\u00fcr\u00fcrl\u00fckteki \u00e7evre yasalar\u0131, y\u00f6netmelikleri ve di\u011fer ilgili h\u00fck\u00fcmlere [&hellip;]<\/p>\n","protected":false},"author":1,"featured_media":4561,"parent":4797,"menu_order":26,"comment_status":"closed","ping_status":"closed","template":"","meta":{"_eb_attr":"","inline_featured_image":false,"footnotes":""},"class_list":["post-4801","page","type-page","status-publish","has-post-thumbnail","hentry"],"_links":{"self":[{"href":"https:\/\/arkpres.com\/tr\/wp-json\/wp\/v2\/pages\/4801","targetHints":{"allow":["GET"]}}],"collection":[{"href":"https:\/\/arkpres.com\/tr\/wp-json\/wp\/v2\/pages"}],"about":[{"href":"https:\/\/arkpres.com\/tr\/wp-json\/wp\/v2\/types\/page"}],"author":[{"embeddable":true,"href":"https:\/\/arkpres.com\/tr\/wp-json\/wp\/v2\/users\/1"}],"replies":[{"embeddable":true,"href":"https:\/\/arkpres.com\/tr\/wp-json\/wp\/v2\/comments?post=4801"}],"version-history":[{"count":0,"href":"https:\/\/arkpres.com\/tr\/wp-json\/wp\/v2\/pages\/4801\/revisions"}],"up":[{"embeddable":true,"href":"https:\/\/arkpres.com\/tr\/wp-json\/wp\/v2\/pages\/4797"}],"wp:featuredmedia":[{"embeddable":true,"href":"https:\/\/arkpres.com\/tr\/wp-json\/wp\/v2\/media\/4561"}],"wp:attachment":[{"href":"https:\/\/arkpres.com\/tr\/wp-json\/wp\/v2\/media?parent=4801"}],"curies":[{"name":"wp","href":"https:\/\/api.w.org\/{rel}","templated":true}]}}