{"id":4808,"date":"2023-04-06T13:23:07","date_gmt":"2023-04-06T10:23:07","guid":{"rendered":"https:\/\/arkpres.com\/contact\/ask-to-an-expert\/"},"modified":"2024-02-20T15:04:55","modified_gmt":"2024-02-20T12:04:55","slug":"bir-uzmana-sorun","status":"publish","type":"page","link":"https:\/\/arkpres.com\/tr\/iletisim\/bir-uzmana-sorun\/","title":{"rendered":"Bir Uzmana Sorun"},"content":{"rendered":"\t\t<div data-elementor-type=\"wp-page\" data-elementor-id=\"4808\" class=\"elementor elementor-4808 elementor-388\" data-elementor-post-type=\"page\">\n\t\t\t\t\t\t<section class=\"elementor-section elementor-top-section elementor-element elementor-element-2d432d52 elementor-section-content-middle elementor-section-stretched elementor-section-boxed elementor-section-height-default elementor-section-height-default\" data-id=\"2d432d52\" data-element_type=\"section\" data-settings=\"{&quot;stretch_section&quot;:&quot;section-stretched&quot;}\">\n\t\t\t\t\t\t<div class=\"elementor-container elementor-column-gap-no\">\n\t\t\t\t\t<div class=\"elementor-column elementor-col-50 elementor-top-column elementor-element elementor-element-7680c1b\" data-id=\"7680c1b\" data-element_type=\"column\">\n\t\t\t<div class=\"elementor-widget-wrap elementor-element-populated\">\n\t\t\t\t\t\t<div class=\"elementor-element elementor-element-58522eb3 elementor-widget elementor-widget-heading\" data-id=\"58522eb3\" data-element_type=\"widget\" data-widget_type=\"heading.default\">\n\t\t\t\t<div class=\"elementor-widget-container\">\n\t\t\t\t\t<h4 class=\"elementor-heading-title elementor-size-default\">G\u00fcvenlik Uzman\u0131m\u0131za Sorun<\/h4>\t\t\t\t<\/div>\n\t\t\t\t<\/div>\n\t\t\t\t<div class=\"elementor-element elementor-element-246d9625 elementor-widget elementor-widget-text-editor\" data-id=\"246d9625\" data-element_type=\"widget\" data-widget_type=\"text-editor.default\">\n\t\t\t\t<div class=\"elementor-widget-container\">\n\t\t\t\t\t\t\t\t\t<p>Pasif g\u00fcvenlik ekipman\u0131 \u00fcretimine adanm\u0131\u015f &#8220;Uzmana Sorun&#8221; web sayfam\u0131za ho\u015f geldiniz! Burada, yolcu g\u00fcvenli\u011fi ekipmanlar\u0131 alan\u0131nda do\u011frudan sekt\u00f6r uzmanlar\u0131ndan tavsiye, rehberlik ve i\u00e7g\u00f6r\u00fc alabilece\u011finiz bir platform sunuyoruz. En son g\u00fcvenlik standartlar\u0131, yenilik\u00e7i tasar\u0131mlar, mevzuata uygunluk veya yolcu g\u00fcvenlik ekipman\u0131 \u00fcretiminin ba\u015fka herhangi bir y\u00f6n\u00fc hakk\u0131nda sorular\u0131n\u0131z varsa, deneyimli profesyonellerden olu\u015fan ekibimiz size yard\u0131mc\u0131 olmak i\u00e7in burada. Uzmanlar\u0131m\u0131z sekt\u00f6r hakk\u0131nda derin bir anlay\u0131\u015fa sahiptir ve \u00e7e\u015fitli ula\u015f\u0131m modlar\u0131nda yolcular i\u00e7in en \u00fcst d\u00fczeyde g\u00fcvenlik sa\u011flamak \u00fczere de\u011ferli tavsiyelerde bulunabilirler. Hemen sorun ve yolcular\u0131n emniyet ve g\u00fcvenli\u011fini art\u0131rmak i\u00e7in uzmanl\u0131klar\u0131ndan yararlan\u0131n!<\/p>\t\t\t\t\t\t\t\t<\/div>\n\t\t\t\t<\/div>\n\t\t\t\t\t<\/div>\n\t\t<\/div>\n\t\t\t\t<div class=\"elementor-column elementor-col-50 elementor-top-column elementor-element elementor-element-d850828\" data-id=\"d850828\" data-element_type=\"column\">\n\t\t\t<div class=\"elementor-widget-wrap elementor-element-populated\">\n\t\t\t\t\t\t<div class=\"elementor-element elementor-element-9a950c8 elementor-widget elementor-widget-image\" data-id=\"9a950c8\" data-element_type=\"widget\" data-widget_type=\"image.default\">\n\t\t\t\t<div class=\"elementor-widget-container\">\n\t\t\t\t\t\t\t\t\t\t\t\t\t\t\t<img fetchpriority=\"high\" decoding=\"async\" width=\"800\" height=\"450\" src=\"https:\/\/arkpres.com\/wp-content\/uploads\/2023\/05\/arkpres-career-safety-1024x576.jpg\" class=\"attachment-large size-large wp-image-4691\" alt=\"\" srcset=\"https:\/\/arkpres.com\/wp-content\/uploads\/2023\/05\/arkpres-career-safety-1024x576.jpg 1024w, https:\/\/arkpres.com\/wp-content\/uploads\/2023\/05\/arkpres-career-safety-300x169.jpg 300w, https:\/\/arkpres.com\/wp-content\/uploads\/2023\/05\/arkpres-career-safety-768x432.jpg 768w, https:\/\/arkpres.com\/wp-content\/uploads\/2023\/05\/arkpres-career-safety-1536x864.jpg 1536w, https:\/\/arkpres.com\/wp-content\/uploads\/2023\/05\/arkpres-career-safety.jpg 1920w\" sizes=\"(max-width: 800px) 100vw, 800px\" \/>\t\t\t\t\t\t\t\t\t\t\t\t\t\t\t<\/div>\n\t\t\t\t<\/div>\n\t\t\t\t\t<\/div>\n\t\t<\/div>\n\t\t\t\t\t<\/div>\n\t\t<\/section>\n\t\t\t\t<section class=\"elementor-section elementor-top-section elementor-element elementor-element-51731295 elementor-section-content-middle elementor-section-stretched elementor-section-boxed elementor-section-height-default elementor-section-height-default\" data-id=\"51731295\" data-element_type=\"section\" data-settings=\"{&quot;stretch_section&quot;:&quot;section-stretched&quot;}\">\n\t\t\t\t\t\t<div class=\"elementor-container elementor-column-gap-no\">\n\t\t\t\t\t<div class=\"elementor-column elementor-col-100 elementor-top-column elementor-element elementor-element-5f8ab7be\" data-id=\"5f8ab7be\" data-element_type=\"column\">\n\t\t\t<div class=\"elementor-widget-wrap elementor-element-populated\">\n\t\t\t\t\t\t<section class=\"elementor-section elementor-inner-section elementor-element elementor-element-354980ac elementor-section-content-middle elementor-section-boxed elementor-section-height-default elementor-section-height-default\" data-id=\"354980ac\" data-element_type=\"section\">\n\t\t\t\t\t\t<div class=\"elementor-container elementor-column-gap-no\">\n\t\t\t\t\t<div class=\"elementor-column elementor-col-50 elementor-inner-column elementor-element elementor-element-6a1fa521\" data-id=\"6a1fa521\" data-element_type=\"column\">\n\t\t\t<div class=\"elementor-widget-wrap elementor-element-populated\">\n\t\t\t\t\t\t<div class=\"elementor-element elementor-element-df7d46d elementor-widget elementor-widget-shortcode\" data-id=\"df7d46d\" data-element_type=\"widget\" data-widget_type=\"shortcode.default\">\n\t\t\t\t<div class=\"elementor-widget-container\">\n\t\t\t\t\t\t\t<div class=\"elementor-shortcode\"><div class=\"forminator-ui forminator-custom-form forminator-custom-form-5206 forminator-design--material  forminator_ajax\" data-forminator-render=\"0\" data-form=\"forminator-module-5206\" data-uid=\"69f2cfb11280f\"><br\/><\/div><form\r\n\t\t\t\tid=\"forminator-module-5206\"\r\n\t\t\t\tclass=\"forminator-ui forminator-custom-form forminator-custom-form-5206 forminator-design--material  forminator_ajax\"\r\n\t\t\t\tmethod=\"post\"\r\n\t\t\t\tdata-forminator-render=\"0\"\r\n\t\t\t\tdata-form-id=\"5206\"\r\n\t\t\t\t\r\n\t\t\t\tdata-design=\"material\"\r\n\t\t\t\tdata-color-option=\"default\"\r\n\t\t\t\t\r\n\t\t\t\t\r\n\t\t\t\t\r\n\t\t\t\tdata-grid=\"open\"\r\n\t\t\t\t\r\n\t\t\t\t\r\n\t\t\t\tstyle=\"display: none;\"\r\n\t\t\t\t\r\n\t\t\t\tdata-uid=\"69f2cfb11280f\"\r\n\t\t\t><div role=\"alert\" aria-live=\"polite\" class=\"forminator-response-message forminator-error\" aria-hidden=\"true\"><\/div><div class=\"forminator-row\"><div id=\"name-1\" class=\"forminator-field-name forminator-col forminator-col-6 \"><div class=\"forminator-field\"><label for=\"forminator-field-name-1_69f2cfb11280f\" id=\"forminator-field-name-1_69f2cfb11280f-label\" class=\"forminator-label\">\u0130sim <span class=\"forminator-required\">*<\/span><\/label><input type=\"text\" name=\"name-1\" value=\"\" placeholder=\"\u0130sim\" id=\"forminator-field-name-1_69f2cfb11280f\" class=\"forminator-input forminator-name--field\" aria-required=\"true\" \/><\/div><\/div><div id=\"email-1\" class=\"forminator-field-email forminator-col forminator-col-6 \"><div class=\"forminator-field\"><label for=\"forminator-field-email-1_69f2cfb11280f\" id=\"forminator-field-email-1_69f2cfb11280f-label\" class=\"forminator-label\">E-Posta <span class=\"forminator-required\">*<\/span><\/label><input type=\"email\" name=\"email-1\" value=\"\" placeholder=\"E-Posta\" id=\"forminator-field-email-1_69f2cfb11280f\" class=\"forminator-input forminator-email--field\" data-required=\"true\" aria-required=\"true\" \/><\/div><\/div><\/div><div class=\"forminator-row\"><div id=\"phone-1\" class=\"forminator-field-phone forminator-col forminator-col-6 \"><div class=\"forminator-field\"><label for=\"forminator-field-phone-1_69f2cfb11280f\" id=\"forminator-field-phone-1_69f2cfb11280f-label\" class=\"forminator-label\">Telefon<\/label><input type=\"text\" name=\"phone-1\" value=\"\" placeholder=\"Telefon\" id=\"forminator-field-phone-1_69f2cfb11280f\" class=\"forminator-input forminator-field--phone\" data-required=\"\" aria-required=\"false\" autocomplete=\"off\" \/><\/div><\/div><div id=\"name-2\" class=\"forminator-field-name forminator-col forminator-col-6 \"><div class=\"forminator-field\"><label for=\"forminator-field-name-2_69f2cfb11280f\" id=\"forminator-field-name-2_69f2cfb11280f-label\" class=\"forminator-label\">\u015eirket<\/label><input type=\"text\" name=\"name-2\" value=\"\" placeholder=\"\u015eirket\" id=\"forminator-field-name-2_69f2cfb11280f\" class=\"forminator-input forminator-name--field\" aria-required=\"false\" \/><\/div><\/div><\/div><div class=\"forminator-row\"><div id=\"textarea-1\" class=\"forminator-field-textarea forminator-col forminator-col-12 \"><div class=\"forminator-field\"><label for=\"forminator-field-textarea-1_69f2cfb11280f\" id=\"forminator-field-textarea-1_69f2cfb11280f-label\" class=\"forminator-label\">Mesaj<\/label><textarea name=\"textarea-1\" placeholder=\"Mesaj\" id=\"forminator-field-textarea-1_69f2cfb11280f\" class=\"forminator-textarea\" rows=\"6\" style=\"min-height:140px;\" maxlength=\"180\" ><\/textarea><span id=\"forminator-field-textarea-1_69f2cfb11280f-description\" class=\"forminator-description\"><span data-limit=\"180\" data-type=\"characters\" data-editor=\"\">0 \/ 180<\/span><\/span><\/div><\/div><\/div><input type=\"hidden\" name=\"referer_url\" value=\"\" \/><div class=\"forminator-row forminator-row-last\"><div class=\"forminator-col\"><div class=\"forminator-field\"><button class=\"forminator-button forminator-button-submit\"><span>G&ouml;nder<\/span><span aria-hidden=\"true\"><\/span><\/button><\/div><\/div><\/div><input type=\"hidden\" id=\"forminator_nonce\" name=\"forminator_nonce\" value=\"3d5dc9aca2\" \/><input type=\"hidden\" name=\"_wp_http_referer\" value=\"\/tr\/wp-json\/wp\/v2\/pages\/4808\" \/><input type=\"hidden\" name=\"form_id\" value=\"5206\"><input type=\"hidden\" name=\"page_id\" value=\"4808\"><input type=\"hidden\" name=\"form_type\" value=\"default\"><input type=\"hidden\" name=\"current_url\" value=\"https:\/\/arkpres.com\/tr\/iletisim\/bir-uzmana-sorun\/\"><input type=\"hidden\" name=\"render_id\" value=\"0\"><input type=\"hidden\" name=\"action\" value=\"forminator_submit_form_custom-forms\"><\/form><\/div>\n\t\t\t\t\t\t<\/div>\n\t\t\t\t<\/div>\n\t\t\t\t\t<\/div>\n\t\t<\/div>\n\t\t\t\t<div class=\"elementor-column elementor-col-50 elementor-inner-column elementor-element elementor-element-3d94682f\" data-id=\"3d94682f\" data-element_type=\"column\" data-settings=\"{&quot;background_background&quot;:&quot;classic&quot;}\">\n\t\t\t<div class=\"elementor-widget-wrap elementor-element-populated\">\n\t\t\t\t\t\t<div class=\"elementor-element elementor-element-893ba3 elementor-view-default elementor-position-top elementor-mobile-position-top elementor-widget elementor-widget-icon-box\" data-id=\"893ba3\" data-element_type=\"widget\" data-widget_type=\"icon-box.default\">\n\t\t\t\t<div class=\"elementor-widget-container\">\n\t\t\t\t\t\t\t<div class=\"elementor-icon-box-wrapper\">\n\n\t\t\t\t\t\t<div class=\"elementor-icon-box-icon\">\n\t\t\t\t<span  class=\"elementor-icon\">\n\t\t\t\t<i aria-hidden=\"true\" class=\"icon icon-contact-form\"><\/i>\t\t\t\t<\/span>\n\t\t\t<\/div>\n\t\t\t\n\t\t\t\t\t\t<div class=\"elementor-icon-box-content\">\n\n\t\t\t\t\t\t\t\t\t<h3 class=\"elementor-icon-box-title\">\n\t\t\t\t\t\t<span  >\n\t\t\t\t\t\t\t+90 262 349 54 90\t\t\t\t\t\t<\/span>\n\t\t\t\t\t<\/h3>\n\t\t\t\t\n\t\t\t\t\n\t\t\t<\/div>\n\t\t\t\n\t\t<\/div>\n\t\t\t\t\t\t<\/div>\n\t\t\t\t<\/div>\n\t\t\t\t<div class=\"elementor-element elementor-element-31077290 elementor-widget elementor-widget-text-editor\" data-id=\"31077290\" data-element_type=\"widget\" data-widget_type=\"text-editor.default\">\n\t\t\t\t<div class=\"elementor-widget-container\">\n\t\t\t\t\t\t\t\t\t<p>10:00 &#8211; 19:00 saatleri aras\u0131nda<\/p>\t\t\t\t\t\t\t\t<\/div>\n\t\t\t\t<\/div>\n\t\t\t\t<div class=\"elementor-element elementor-element-34eefad7 elementor-widget elementor-widget-text-editor\" data-id=\"34eefad7\" data-element_type=\"widget\" data-widget_type=\"text-editor.default\">\n\t\t\t\t<div class=\"elementor-widget-container\">\n\t\t\t\t\t\t\t\t\t<p><strong>Email: <\/strong>askexpert@arkpres.com<\/p>\t\t\t\t\t\t\t\t<\/div>\n\t\t\t\t<\/div>\n\t\t\t\t\t<\/div>\n\t\t<\/div>\n\t\t\t\t\t<\/div>\n\t\t<\/section>\n\t\t\t\t\t<\/div>\n\t\t<\/div>\n\t\t\t\t\t<\/div>\n\t\t<\/section>\n\t\t\t\t<\/div>\n\t\t","protected":false},"excerpt":{"rendered":"<p>G\u00fcvenlik Uzman\u0131m\u0131za Sorun Pasif g\u00fcvenlik ekipman\u0131 \u00fcretimine adanm\u0131\u015f &#8220;Uzmana Sorun&#8221; web sayfam\u0131za ho\u015f geldiniz! Burada, yolcu g\u00fcvenli\u011fi ekipmanlar\u0131 alan\u0131nda do\u011frudan sekt\u00f6r uzmanlar\u0131ndan tavsiye, rehberlik ve i\u00e7g\u00f6r\u00fc alabilece\u011finiz bir platform sunuyoruz. En son g\u00fcvenlik standartlar\u0131, yenilik\u00e7i tasar\u0131mlar, mevzuata uygunluk veya yolcu g\u00fcvenlik ekipman\u0131 \u00fcretiminin ba\u015fka herhangi bir y\u00f6n\u00fc hakk\u0131nda sorular\u0131n\u0131z varsa, deneyimli profesyonellerden olu\u015fan ekibimiz size [&hellip;]<\/p>\n","protected":false},"author":1,"featured_media":4809,"parent":4807,"menu_order":33,"comment_status":"closed","ping_status":"closed","template":"","meta":{"_eb_attr":"","inline_featured_image":false,"footnotes":""},"class_list":["post-4808","page","type-page","status-publish","has-post-thumbnail","hentry"],"_links":{"self":[{"href":"https:\/\/arkpres.com\/tr\/wp-json\/wp\/v2\/pages\/4808","targetHints":{"allow":["GET"]}}],"collection":[{"href":"https:\/\/arkpres.com\/tr\/wp-json\/wp\/v2\/pages"}],"about":[{"href":"https:\/\/arkpres.com\/tr\/wp-json\/wp\/v2\/types\/page"}],"author":[{"embeddable":true,"href":"https:\/\/arkpres.com\/tr\/wp-json\/wp\/v2\/users\/1"}],"replies":[{"embeddable":true,"href":"https:\/\/arkpres.com\/tr\/wp-json\/wp\/v2\/comments?post=4808"}],"version-history":[{"count":0,"href":"https:\/\/arkpres.com\/tr\/wp-json\/wp\/v2\/pages\/4808\/revisions"}],"up":[{"embeddable":true,"href":"https:\/\/arkpres.com\/tr\/wp-json\/wp\/v2\/pages\/4807"}],"wp:featuredmedia":[{"embeddable":true,"href":"https:\/\/arkpres.com\/tr\/wp-json\/wp\/v2\/media\/4809"}],"wp:attachment":[{"href":"https:\/\/arkpres.com\/tr\/wp-json\/wp\/v2\/media?parent=4808"}],"curies":[{"name":"wp","href":"https:\/\/api.w.org\/{rel}","templated":true}]}}