{"id":4810,"date":"2023-04-06T13:23:14","date_gmt":"2023-04-06T10:23:14","guid":{"rendered":"https:\/\/arkpres.com\/contact\/sales\/"},"modified":"2024-02-20T15:05:08","modified_gmt":"2024-02-20T12:05:08","slug":"satis","status":"publish","type":"page","link":"https:\/\/arkpres.com\/tr\/iletisim\/satis\/","title":{"rendered":"Sat\u0131\u015f"},"content":{"rendered":"\t\t<div data-elementor-type=\"wp-page\" data-elementor-id=\"4810\" class=\"elementor elementor-4810 elementor-390\" data-elementor-post-type=\"page\">\n\t\t\t\t\t\t<section class=\"elementor-section elementor-top-section elementor-element elementor-element-5e0bb98d elementor-section-content-middle elementor-section-stretched elementor-section-boxed elementor-section-height-default elementor-section-height-default\" data-id=\"5e0bb98d\" data-element_type=\"section\" data-settings=\"{&quot;stretch_section&quot;:&quot;section-stretched&quot;}\">\n\t\t\t\t\t\t<div class=\"elementor-container elementor-column-gap-no\">\n\t\t\t\t\t<div class=\"elementor-column elementor-col-100 elementor-top-column elementor-element elementor-element-126f73a1\" data-id=\"126f73a1\" data-element_type=\"column\">\n\t\t\t<div class=\"elementor-widget-wrap elementor-element-populated\">\n\t\t\t\t\t\t<div class=\"elementor-element elementor-element-1d94f018 elementor-widget elementor-widget-heading\" data-id=\"1d94f018\" data-element_type=\"widget\" data-widget_type=\"heading.default\">\n\t\t\t\t<div class=\"elementor-widget-container\">\n\t\t\t\t\t<h4 class=\"elementor-heading-title elementor-size-default\">Sat\u0131\u015f Departman\u0131 ile \u0130leti\u015fime Ge\u00e7in<\/h4>\t\t\t\t<\/div>\n\t\t\t\t<\/div>\n\t\t\t\t<div class=\"elementor-element elementor-element-7ed26c80 elementor-widget elementor-widget-text-editor\" data-id=\"7ed26c80\" data-element_type=\"widget\" data-widget_type=\"text-editor.default\">\n\t\t\t\t<div class=\"elementor-widget-container\">\n\t\t\t\t\t\t\t\t\t<p>Sat\u0131\u015f Departman\u0131m\u0131za Ho\u015f Geldiniz! ARKPRES olarak, son teknoloji pasif g\u00fcvenlik ekipmanlar\u0131n\u0131n lider \u00fcreticisiyiz. \u00d6zel sat\u0131\u015f ekibimiz, t\u00fcm sorular\u0131n\u0131zda size yard\u0131mc\u0131 olmak ve kapsaml\u0131 \u00fcr\u00fcn yelpazemiz hakk\u0131nda uzman rehberlik sa\u011flamak i\u00e7in burada.<\/p><p>\u0130ster geli\u015fmi\u015f emniyet kemeri sistemleri, ister hava yast\u0131\u011f\u0131 mod\u00fclleri veya di\u011fer pasif g\u00fcvenlik \u00e7\u00f6z\u00fcmleri ar\u0131yor olun, ihtiya\u00e7lar\u0131n\u0131z\u0131 kar\u015f\u0131layacak uzmanl\u0131\u011fa ve kaynaklara sahibiz. \u00dcretim s\u00fcrecimizin her alan\u0131nda g\u00fcvenlik ve g\u00fcvenilirli\u011fe \u00f6ncelik vererek \u00fcr\u00fcnlerimizin en y\u00fcksek end\u00fcstri standartlar\u0131n\u0131 kar\u015f\u0131lamas\u0131n\u0131 sa\u011fl\u0131yoruz. Bug\u00fcn Sat\u0131\u015f Departman\u0131m\u0131zla ileti\u015fime ge\u00e7in ve yollarda hayatlar\u0131 korumak i\u00e7in m\u00fckemmel pasif g\u00fcvenlik \u00e7\u00f6z\u00fcmlerini bulman\u0131za yard\u0131mc\u0131 olal\u0131m.<\/p>\t\t\t\t\t\t\t\t<\/div>\n\t\t\t\t<\/div>\n\t\t\t\t\t<\/div>\n\t\t<\/div>\n\t\t\t\t\t<\/div>\n\t\t<\/section>\n\t\t\t\t<section class=\"elementor-section elementor-top-section elementor-element elementor-element-7a2f4834 elementor-section-height-min-height elementor-section-stretched elementor-section-boxed elementor-section-height-default elementor-section-items-middle\" data-id=\"7a2f4834\" data-element_type=\"section\" data-settings=\"{&quot;background_background&quot;:&quot;classic&quot;,&quot;stretch_section&quot;:&quot;section-stretched&quot;}\">\n\t\t\t\t\t\t\t<div class=\"elementor-background-overlay\"><\/div>\n\t\t\t\t\t\t\t<div class=\"elementor-container elementor-column-gap-default\">\n\t\t\t\t\t<div class=\"elementor-column elementor-col-100 elementor-top-column elementor-element elementor-element-79dc2ca9\" data-id=\"79dc2ca9\" data-element_type=\"column\">\n\t\t\t<div class=\"elementor-widget-wrap elementor-element-populated\">\n\t\t\t\t\t\t<div class=\"elementor-element elementor-element-ce3ee7f elementor-widget__width-inherit elementor-widget elementor-widget-heading\" data-id=\"ce3ee7f\" data-element_type=\"widget\" data-widget_type=\"heading.default\">\n\t\t\t\t<div class=\"elementor-widget-container\">\n\t\t\t\t\t<h2 class=\"elementor-heading-title elementor-size-default\">Bize istedi\u011finiz zaman, istedi\u011finiz \u015feyi sorun.<\/h2>\t\t\t\t<\/div>\n\t\t\t\t<\/div>\n\t\t\t\t<div class=\"elementor-element elementor-element-4f47ab1c elementor-widget elementor-widget-text-editor\" data-id=\"4f47ab1c\" data-element_type=\"widget\" data-widget_type=\"text-editor.default\">\n\t\t\t\t<div class=\"elementor-widget-container\">\n\t\t\t\t\t\t\t\t\t<p>Sat\u0131\u015f Uzmanlar\u0131m\u0131z taleplerinizi bekliyor. Sat\u0131\u015f s\u00fcreci hakk\u0131nda istedi\u011finiz zaman bilgi alabilir ve sorabilirsiniz.<\/p>\t\t\t\t\t\t\t\t<\/div>\n\t\t\t\t<\/div>\n\t\t\t\t\t<\/div>\n\t\t<\/div>\n\t\t\t\t\t<\/div>\n\t\t<\/section>\n\t\t\t\t<section class=\"elementor-section elementor-top-section elementor-element elementor-element-65d039e9 elementor-section-content-middle elementor-section-stretched elementor-section-boxed elementor-section-height-default elementor-section-height-default\" data-id=\"65d039e9\" data-element_type=\"section\" data-settings=\"{&quot;stretch_section&quot;:&quot;section-stretched&quot;}\">\n\t\t\t\t\t\t<div class=\"elementor-container elementor-column-gap-no\">\n\t\t\t\t\t<div class=\"elementor-column elementor-col-100 elementor-top-column elementor-element elementor-element-331a32af\" data-id=\"331a32af\" data-element_type=\"column\">\n\t\t\t<div class=\"elementor-widget-wrap elementor-element-populated\">\n\t\t\t\t\t\t<div class=\"elementor-element elementor-element-b5b7596 elementor-widget elementor-widget-shortcode\" data-id=\"b5b7596\" data-element_type=\"widget\" data-widget_type=\"shortcode.default\">\n\t\t\t\t<div class=\"elementor-widget-container\">\n\t\t\t\t\t\t\t<div class=\"elementor-shortcode\"><div class=\"forminator-ui forminator-custom-form forminator-custom-form-5207 forminator-design--material  forminator_ajax\" data-forminator-render=\"0\" data-form=\"forminator-module-5207\" data-uid=\"69e0ca6088b26\"><br\/><\/div><form\r\n\t\t\t\tid=\"forminator-module-5207\"\r\n\t\t\t\tclass=\"forminator-ui forminator-custom-form forminator-custom-form-5207 forminator-design--material  forminator_ajax\"\r\n\t\t\t\tmethod=\"post\"\r\n\t\t\t\tdata-forminator-render=\"0\"\r\n\t\t\t\tdata-form-id=\"5207\"\r\n\t\t\t\t\r\n\t\t\t\tdata-design=\"material\"\r\n\t\t\t\tdata-color-option=\"default\"\r\n\t\t\t\t\r\n\t\t\t\t\r\n\t\t\t\t\r\n\t\t\t\tdata-grid=\"open\"\r\n\t\t\t\tenctype=\"multipart\/form-data\"\r\n\t\t\t\t\r\n\t\t\t\tstyle=\"display: none;\"\r\n\t\t\t\t\r\n\t\t\t\tdata-uid=\"69e0ca6088b26\"\r\n\t\t\t><div role=\"alert\" aria-live=\"polite\" class=\"forminator-response-message forminator-error\" aria-hidden=\"true\"><\/div><div class=\"forminator-row\"><div id=\"name-1\" class=\"forminator-field-name forminator-col forminator-col-6 \"><div class=\"forminator-field\"><label for=\"forminator-field-name-1_69e0ca6088b26\" id=\"forminator-field-name-1_69e0ca6088b26-label\" class=\"forminator-label\">\u0130sim <span class=\"forminator-required\">*<\/span><\/label><input type=\"text\" name=\"name-1\" value=\"\" placeholder=\"\u0130sim\" id=\"forminator-field-name-1_69e0ca6088b26\" class=\"forminator-input forminator-name--field\" aria-required=\"true\" \/><\/div><\/div><div id=\"email-1\" class=\"forminator-field-email forminator-col forminator-col-6 \"><div class=\"forminator-field\"><label for=\"forminator-field-email-1_69e0ca6088b26\" id=\"forminator-field-email-1_69e0ca6088b26-label\" class=\"forminator-label\">E-Posta <span class=\"forminator-required\">*<\/span><\/label><input type=\"email\" name=\"email-1\" value=\"\" placeholder=\"E-Posta\" id=\"forminator-field-email-1_69e0ca6088b26\" class=\"forminator-input forminator-email--field\" data-required=\"true\" aria-required=\"true\" \/><\/div><\/div><\/div><div class=\"forminator-row\"><div id=\"upload-1\" class=\"forminator-field-upload forminator-col forminator-col-4 \"><div class=\"forminator-field\"><label for=\"forminator-field-upload-1_69e0ca6088b26\" id=\"forminator-field-upload-1_69e0ca6088b26-label\" class=\"forminator-label\">Dosyalar<\/label><div class=\"forminator-file-upload \" data-element=\"upload-1_69e0ca6088b26\"><input type=\"file\" name=\"upload-1\" id=\"forminator-field-upload-1_69e0ca6088b26\" class=\"forminator-input-file\" accept=\".jpg,.jpeg,.jpe,.gif,.png,.bmp,.tiff,.tif,.webp,.ico,.heic,.asf,.asx,.wmv,.wmx,.wm,.avi,.divx,.flv,.mov,.qt,.mpeg,.mpg,.mpe,.mp4,.m4v,.ogv,.webm,.mkv,.3gp,.3gpp,.3g2,.3gp2,.txt,.asc,.c,.cc,.h,.srt,.csv,.tsv,.ics,.rtx,.vtt,.mp3,.m4a,.m4b,.aac,.ra,.ram,.wav,.ogg,.oga,.flac,.mid,.midi,.wma,.wax,.mka,.rtf,.pdf,.class,.tar,.zip,.gz,.gzip,.7z,.psd,.xcf,.doc,.pot,.pps,.ppt,.wri,.xla,.xls,.xlt,.xlw,.mdb,.mpp,.docx,.docm,.dotx,.dotm,.xlsx,.xlsm,.xlsb,.xltx,.xltm,.xlam,.pptx,.pptm,.ppsx,.ppsm,.potx,.potm,.ppam,.sldx,.sldm,.onetoc,.onetoc2,.onetmp,.onepkg,.oxps,.xps,.odt,.odp,.ods,.odg,.odc,.odb,.odf,.wp,.wpd,.key,.numbers,.pages,.json,.svgz\" tabindex=\"-1\"><button id=\"forminator-field-upload-1_69e0ca6088b26_button\" class=\"forminator-button forminator-button-upload\" data-id=\"forminator-field-upload-1_69e0ca6088b26\">Dosya Se\u00e7<\/button><span data-empty-text=\"Dosya se\u00e7ilmedi\">Dosya se\u00e7ilmedi<\/span><button class=\"forminator-button-delete\" style=\"display: none;\"><i class=\"forminator-icon-close\" aria-hidden=\"true\"><\/i><span class=\"forminator-screen-reader-only\">Y\u00fcklenen dosyay\u0131 sil<\/span><\/button><\/div><\/div><\/div><div id=\"select-1\" class=\"forminator-field-select forminator-col forminator-col-4 \"><div class=\"forminator-field\"><label for=\"forminator-form-5207__field--select-1_69e0ca6088b26\" id=\"forminator-form-5207__field--select-1_69e0ca6088b26-label\" class=\"forminator-label\">Servis<\/label><select  id=\"forminator-form-5207__field--select-1_69e0ca6088b26\" class=\"forminator-select--field forminator-select2 forminator-select2-multiple\" data-required=\"\" name=\"select-1\" data-default-value=\"\" data-hidden-behavior=\"zero\" data-placeholder=\"Servis\" data-search=\"false\" data-search-placeholder=\"Servis\" data-checkbox=\"false\" data-allow-clear=\"false\" aria-labelledby=\"forminator-form-5207__field--select-1_69e0ca6088b26-label\"><option value=\"\"  >Servis<\/option><option value=\"medicine\"  data-calculation=\"0\">T\u0131p<\/option><option value=\"safety\"  data-calculation=\"0\">G\u00fcvenlik<\/option><\/select><\/div><\/div><div id=\"phone-1\" class=\"forminator-field-phone forminator-col forminator-col-4 \"><div class=\"forminator-field\"><label for=\"forminator-field-phone-1_69e0ca6088b26\" id=\"forminator-field-phone-1_69e0ca6088b26-label\" class=\"forminator-label\">Telefon<\/label><input type=\"text\" name=\"phone-1\" value=\"\" placeholder=\"Telefon\" id=\"forminator-field-phone-1_69e0ca6088b26\" class=\"forminator-input forminator-field--phone\" data-required=\"\" aria-required=\"false\" autocomplete=\"off\" \/><\/div><\/div><\/div><div class=\"forminator-row\"><div id=\"textarea-1\" class=\"forminator-field-textarea forminator-col forminator-col-12 \"><div class=\"forminator-field\"><label for=\"forminator-field-textarea-1_69e0ca6088b26\" id=\"forminator-field-textarea-1_69e0ca6088b26-label\" class=\"forminator-label\">Mesaj<\/label><textarea name=\"textarea-1\" placeholder=\"Mesaj\" id=\"forminator-field-textarea-1_69e0ca6088b26\" class=\"forminator-textarea\" rows=\"6\" style=\"min-height:140px;\" maxlength=\"180\" ><\/textarea><span id=\"forminator-field-textarea-1_69e0ca6088b26-description\" class=\"forminator-description\"><span data-limit=\"180\" data-type=\"characters\" data-editor=\"\">0 \/ 180<\/span><\/span><\/div><\/div><\/div><input type=\"hidden\" name=\"referer_url\" value=\"\" \/><div class=\"forminator-row forminator-row-last\"><div class=\"forminator-col\"><div class=\"forminator-field\"><button class=\"forminator-button forminator-button-submit\"><span>G&ouml;nder<\/span><span aria-hidden=\"true\"><\/span><\/button><\/div><\/div><\/div><input type=\"hidden\" id=\"forminator_nonce\" name=\"forminator_nonce\" value=\"074b5d302d\" \/><input type=\"hidden\" name=\"_wp_http_referer\" value=\"\/tr\/wp-json\/wp\/v2\/pages\/4810\" \/><input type=\"hidden\" name=\"form_id\" value=\"5207\"><input type=\"hidden\" name=\"page_id\" value=\"4810\"><input type=\"hidden\" name=\"form_type\" value=\"default\"><input type=\"hidden\" name=\"current_url\" value=\"https:\/\/arkpres.com\/tr\/iletisim\/satis\/\"><input type=\"hidden\" name=\"render_id\" value=\"0\"><input type=\"hidden\" name=\"action\" value=\"forminator_submit_form_custom-forms\"><\/form><\/div>\n\t\t\t\t\t\t<\/div>\n\t\t\t\t<\/div>\n\t\t\t\t\t<\/div>\n\t\t<\/div>\n\t\t\t\t\t<\/div>\n\t\t<\/section>\n\t\t\t\t<\/div>\n\t\t","protected":false},"excerpt":{"rendered":"<p>Sat\u0131\u015f Departman\u0131 ile \u0130leti\u015fime Ge\u00e7in Sat\u0131\u015f Departman\u0131m\u0131za Ho\u015f Geldiniz! ARKPRES olarak, son teknoloji pasif g\u00fcvenlik ekipmanlar\u0131n\u0131n lider \u00fcreticisiyiz. \u00d6zel sat\u0131\u015f ekibimiz, t\u00fcm sorular\u0131n\u0131zda size yard\u0131mc\u0131 olmak ve kapsaml\u0131 \u00fcr\u00fcn yelpazemiz hakk\u0131nda uzman rehberlik sa\u011flamak i\u00e7in burada. \u0130ster geli\u015fmi\u015f emniyet kemeri sistemleri, ister hava yast\u0131\u011f\u0131 mod\u00fclleri veya di\u011fer pasif g\u00fcvenlik \u00e7\u00f6z\u00fcmleri ar\u0131yor olun, ihtiya\u00e7lar\u0131n\u0131z\u0131 kar\u015f\u0131layacak uzmanl\u0131\u011fa [&hellip;]<\/p>\n","protected":false},"author":1,"featured_media":4811,"parent":4807,"menu_order":34,"comment_status":"closed","ping_status":"closed","template":"","meta":{"_eb_attr":"","inline_featured_image":false,"footnotes":""},"class_list":["post-4810","page","type-page","status-publish","has-post-thumbnail","hentry"],"_links":{"self":[{"href":"https:\/\/arkpres.com\/tr\/wp-json\/wp\/v2\/pages\/4810","targetHints":{"allow":["GET"]}}],"collection":[{"href":"https:\/\/arkpres.com\/tr\/wp-json\/wp\/v2\/pages"}],"about":[{"href":"https:\/\/arkpres.com\/tr\/wp-json\/wp\/v2\/types\/page"}],"author":[{"embeddable":true,"href":"https:\/\/arkpres.com\/tr\/wp-json\/wp\/v2\/users\/1"}],"replies":[{"embeddable":true,"href":"https:\/\/arkpres.com\/tr\/wp-json\/wp\/v2\/comments?post=4810"}],"version-history":[{"count":0,"href":"https:\/\/arkpres.com\/tr\/wp-json\/wp\/v2\/pages\/4810\/revisions"}],"up":[{"embeddable":true,"href":"https:\/\/arkpres.com\/tr\/wp-json\/wp\/v2\/pages\/4807"}],"wp:featuredmedia":[{"embeddable":true,"href":"https:\/\/arkpres.com\/tr\/wp-json\/wp\/v2\/media\/4811"}],"wp:attachment":[{"href":"https:\/\/arkpres.com\/tr\/wp-json\/wp\/v2\/media?parent=4810"}],"curies":[{"name":"wp","href":"https:\/\/api.w.org\/{rel}","templated":true}]}}