{"id":4817,"date":"2023-05-11T15:46:00","date_gmt":"2023-05-11T12:46:00","guid":{"rendered":"https:\/\/arkpres.com\/contact\/gdpr-compliance\/"},"modified":"2024-02-01T11:42:53","modified_gmt":"2024-02-01T08:42:53","slug":"gdpr-uyumlulugu","status":"publish","type":"page","link":"https:\/\/arkpres.com\/tr\/iletisim\/gdpr-uyumlulugu\/","title":{"rendered":"GDPR Uyumlulu\u011fu"},"content":{"rendered":"\t\t<div data-elementor-type=\"wp-page\" data-elementor-id=\"4817\" class=\"elementor elementor-4817 elementor-2076\" data-elementor-post-type=\"page\">\n\t\t\t\t\t\t<section class=\"elementor-section elementor-top-section elementor-element elementor-element-f608324 elementor-section-stretched elementor-section-boxed elementor-section-height-default elementor-section-height-default\" data-id=\"f608324\" data-element_type=\"section\" data-settings=\"{&quot;stretch_section&quot;:&quot;section-stretched&quot;}\">\n\t\t\t\t\t\t<div class=\"elementor-container elementor-column-gap-default\">\n\t\t\t\t\t<div class=\"elementor-column elementor-col-100 elementor-top-column elementor-element elementor-element-0f22554\" data-id=\"0f22554\" data-element_type=\"column\">\n\t\t\t<div class=\"elementor-widget-wrap elementor-element-populated\">\n\t\t\t\t\t\t<div class=\"elementor-element elementor-element-15a8f13 elementor-widget elementor-widget-text-editor\" data-id=\"15a8f13\" data-element_type=\"widget\" data-widget_type=\"text-editor.default\">\n\t\t\t\t<div class=\"elementor-widget-container\">\n\t\t\t\t\t\t\t\t\t<h3>ARKPRES i\u00e7in GDPR Gizlilik Politikas\u0131<\/h3><p>arkpres.com adresinden eri\u015filebilen ARKPRES&#8217;te ana \u00f6nceliklerimizden biri ziyaret\u00e7ilerimizin gizlili\u011fidir. Bu Gizlilik Politikas\u0131 belgesi, arkpres.com taraf\u0131ndan toplanan ve kaydedilen bilgi t\u00fcrlerini ve bunlar\u0131 nas\u0131l kulland\u0131\u011f\u0131m\u0131z\u0131 i\u00e7erir.<\/p><p>Ek sorular\u0131n\u0131z varsa veya Gizlilik Politikam\u0131z hakk\u0131nda daha fazla bilgiye ihtiyac\u0131n\u0131z varsa, info@arkpres.com adresinden e-posta yoluyla bizimle ileti\u015fime ge\u00e7mekten \u00e7ekinmeyin.<\/p><h3>Genel Veri Koruma Y\u00f6netmeli\u011fi (GDPR)<\/h3><p>Bilgilerinizin Veri Denetleyicisiyiz.<\/p><p>ARKPRES&#8217;in bu Gizlilik Politikas\u0131nda a\u00e7\u0131klanan ki\u015fisel bilgileri toplamak ve kullanmak i\u00e7in yasal dayana\u011f\u0131, toplad\u0131\u011f\u0131m\u0131z Ki\u015fisel Bilgilere ve bilgileri toplad\u0131\u011f\u0131m\u0131z \u00f6zel ba\u011flama ba\u011fl\u0131d\u0131r:<\/p><p>ARKPRES&#8217;in sizinle bir s\u00f6zle\u015fme yapmas\u0131 gerekiyorsa<\/p><p>ARKPRES&#8217;e bunu yapmas\u0131 i\u00e7in izin verdiniz<\/p><p>Ki\u015fisel bilgilerinizin i\u015flenmesi ARKPRES&#8217;in me\u015fru menfaatlerine uygundur<\/p><p>ARKPRES&#8217;in yasalara uymas\u0131 gerekmektedir<\/p><p>ARKPRES, ki\u015fisel bilgilerinizi yaln\u0131zca bu Gizlilik Politikas\u0131nda belirtilen ama\u00e7lar i\u00e7in gerekli oldu\u011fu s\u00fcrece saklayacakt\u0131r. Bilgilerinizi, yasal y\u00fck\u00fcml\u00fcl\u00fcklerimize uymak, anla\u015fmazl\u0131klar\u0131 \u00e7\u00f6zmek ve politikalar\u0131m\u0131z\u0131 uygulamak i\u00e7in gerekli oldu\u011fu \u00f6l\u00e7\u00fcde saklayacak ve kullanaca\u011f\u0131z.<\/p><p>Avrupa Ekonomik Alan\u0131&#8217;nda (AEA) ikamet ediyorsan\u0131z, belirli veri koruma haklar\u0131na sahipsiniz. Hakk\u0131n\u0131zda hangi Ki\u015fisel Bilgileri tuttu\u011fumuzdan haberdar olmak ve bunlar\u0131n sistemlerimizden kald\u0131r\u0131lmas\u0131n\u0131 istiyorsan\u0131z, l\u00fctfen bizimle ileti\u015fime ge\u00e7in.<\/p><p>Belirli durumlarda, a\u015fa\u011f\u0131daki veri koruma haklar\u0131na sahipsiniz:<\/p><p>Hakk\u0131n\u0131zda sahip oldu\u011fumuz bilgilere eri\u015fme, bunlar\u0131 g\u00fcncelleme veya silme hakk\u0131.<\/p><p>D\u00fczeltme hakk\u0131.<\/p><p>\u0130tiraz etme hakk\u0131.<\/p><p>K\u0131s\u0131tlama hakk\u0131.<\/p><p>Veri ta\u015f\u0131nabilirli\u011fi hakk\u0131<\/p><p>Onay\u0131 geri \u00e7ekme hakk\u0131<\/p><h3>G\u00fcnl\u00fck Dosyalar\u0131<\/h3><p>arkpres.com g\u00fcnl\u00fck dosyalar\u0131n\u0131 kullanmak i\u00e7in standart bir prosed\u00fcr izler. Bu dosyalar, ziyaret\u00e7iler web sitelerini ziyaret ettiklerinde onlar\u0131 kaydeder. T\u00fcm bar\u0131nd\u0131rma \u015firketleri bunu yapar ve bar\u0131nd\u0131rma hizmetlerinin analitiklerinin bir par\u00e7as\u0131d\u0131r. G\u00fcnl\u00fck dosyalar\u0131 taraf\u0131ndan toplanan bilgiler aras\u0131nda internet protokol\u00fc (IP) adresleri, taray\u0131c\u0131 t\u00fcr\u00fc, \u0130nternet Servis Sa\u011flay\u0131c\u0131s\u0131 (ISP), tarih ve saat damgas\u0131, y\u00f6nlendirme \/ \u00e7\u0131k\u0131\u015f sayfalar\u0131 ve muhtemelen t\u0131klama say\u0131s\u0131 bulunur. Bunlar ki\u015fisel olarak tan\u0131mlanabilecek herhangi bir bilgiyle ba\u011flant\u0131l\u0131 de\u011fildir. Bu bilgilerin amac\u0131, e\u011filimleri analiz etmek, siteyi y\u00f6netmek, kullan\u0131c\u0131lar\u0131n web sitesindeki hareketlerini izlemek ve demografik bilgi toplamakt\u0131r.<\/p><h3>\u00c7erezler ve Web \u0130\u015faret\u00e7ileri<\/h3><p>Di\u011fer t\u00fcm web siteleri gibi arkpres.com da &#8216;\u00e7erezler&#8217; kullan\u0131r. Bu \u00e7erezler, ziyaret\u00e7ilerin tercihleri ve ziyaret\u00e7inin eri\u015fti\u011fi veya ziyaret etti\u011fi web sitesindeki sayfalar dahil olmak \u00fczere bilgileri saklamak i\u00e7in kullan\u0131l\u0131r. Bu bilgiler, web sayfas\u0131 i\u00e7eri\u011fimizi ziyaret\u00e7ilerin taray\u0131c\u0131 t\u00fcr\u00fcne ve\/veya di\u011fer bilgilerine g\u00f6re \u00f6zelle\u015ftirerek kullan\u0131c\u0131lar\u0131n deneyimini optimize etmek i\u00e7in kullan\u0131l\u0131r.<\/p><h3>DoubleClick DART \u00c7erezi<\/h3><p>Google, sitemizdeki \u00fc\u00e7\u00fcnc\u00fc taraf sat\u0131c\u0131lardan biridir. Ayr\u0131ca, www.website.com ve internetteki di\u011fer sitelere yapt\u0131klar\u0131 ziyaretlere dayanarak site ziyaret\u00e7ilerimize reklam sunmak i\u00e7in DART \u00e7erezleri olarak bilinen \u00e7erezleri kullan\u0131r. Ancak ziyaret\u00e7iler, a\u015fa\u011f\u0131daki URL&#8217;de yer alan Google reklam ve i\u00e7erik a\u011f\u0131 Gizlilik Politikas\u0131n\u0131 ziyaret ederek DART \u00e7erezlerinin kullan\u0131m\u0131n\u0131 reddetmeyi se\u00e7ebilirler &#8211; https:\/\/policies.google.com\/technologies\/ads.<\/p><p>Sitemizdeki baz\u0131 reklamverenler \u00e7erezler ve web i\u015faret\u00e7ileri kullanabilir. Reklam ortaklar\u0131m\u0131z a\u015fa\u011f\u0131da listelenmi\u015ftir. Reklam ortaklar\u0131m\u0131z\u0131n her biri, kullan\u0131c\u0131 verilerine ili\u015fkin politikalar\u0131 i\u00e7in kendi Gizlilik Politikas\u0131na sahiptir. Daha kolay eri\u015fim i\u00e7in, a\u015fa\u011f\u0131da Gizlilik Politikalar\u0131na k\u00f6pr\u00fc olu\u015fturduk.<\/p><p>Google: https:\/\/policies.google.com\/technologies\/ads<\/p><h3>Gizlilik Politikalar\u0131<\/h3><p>arkpres.com&#8217;un reklam ortaklar\u0131n\u0131n her birinin Gizlilik Politikas\u0131n\u0131 bulmak i\u00e7in bu listeye ba\u015fvurabilirsiniz.<\/p><p>\u00dc\u00e7\u00fcnc\u00fc taraf reklam sunucular\u0131 veya reklam a\u011flar\u0131, arkpres.com&#8217;da g\u00f6r\u00fcnen ve do\u011frudan kullan\u0131c\u0131lar\u0131n taray\u0131c\u0131s\u0131na g\u00f6nderilen ilgili reklamlar\u0131nda ve ba\u011flant\u0131lar\u0131nda kullan\u0131lan \u00e7erezler, JavaScript veya Web \u0130\u015faret\u00e7ileri gibi teknolojileri kullan\u0131r. Bu ger\u00e7ekle\u015fti\u011finde IP adresinizi otomatik olarak al\u0131rlar. Bu teknolojiler, reklam kampanyalar\u0131n\u0131n etkinli\u011fini \u00f6l\u00e7mek ve\/veya ziyaret etti\u011finiz web sitelerinde g\u00f6rd\u00fc\u011f\u00fcn\u00fcz reklam i\u00e7eri\u011fini ki\u015fiselle\u015ftirmek i\u00e7in kullan\u0131l\u0131r.<\/p><p>Arkpres.com&#8217;un \u00fc\u00e7\u00fcnc\u00fc taraf reklamverenler taraf\u0131ndan kullan\u0131lan bu \u00e7erezlere eri\u015fimi veya kontrol\u00fc olmad\u0131\u011f\u0131n\u0131 unutmay\u0131n.<\/p><h3>\u00dc\u00e7\u00fcnc\u00fc Taraf Gizlilik Politikalar\u0131<\/h3><p>arkpres.com&#8217;un Gizlilik Politikas\u0131 di\u011fer reklamverenler veya web siteleri i\u00e7in ge\u00e7erli de\u011fildir. Bu nedenle, daha ayr\u0131nt\u0131l\u0131 bilgi i\u00e7in bu \u00fc\u00e7\u00fcnc\u00fc taraf reklam sunucular\u0131n\u0131n ilgili Gizlilik Politikalar\u0131na ba\u015fvurman\u0131z\u0131 tavsiye ederiz. Bu, onlar\u0131n uygulamalar\u0131n\u0131 ve belirli se\u00e7eneklerden nas\u0131l vazge\u00e7ilece\u011fine ili\u015fkin talimatlar\u0131 i\u00e7erebilir. Bu Gizlilik Politikalar\u0131n\u0131n tam bir listesini ve ba\u011flant\u0131lar\u0131n\u0131 burada bulabilirsiniz: Gizlilik Politikas\u0131 Ba\u011flant\u0131lar\u0131.<\/p><p>Bireysel taray\u0131c\u0131 se\u00e7enekleriniz arac\u0131l\u0131\u011f\u0131yla \u00e7erezleri devre d\u0131\u015f\u0131 b\u0131rakmay\u0131 se\u00e7ebilirsiniz. Belirli web taray\u0131c\u0131lar\u0131 ile \u00e7erez y\u00f6netimi hakk\u0131nda daha ayr\u0131nt\u0131l\u0131 bilgi edinmek i\u00e7in, taray\u0131c\u0131lar\u0131n ilgili web sitelerinde bulunabilir. \u00c7erezler Nedir?<\/p><h3>\u00c7ocuk Bilgileri<\/h3><p>\u00d6nceli\u011fimizin bir di\u011fer par\u00e7as\u0131 da internet kullan\u0131m\u0131 s\u0131ras\u0131nda \u00e7ocuklar i\u00e7in koruma sa\u011flamakt\u0131r. Ebeveynleri ve velileri, \u00e7ocuklar\u0131n \u00e7evrimi\u00e7i faaliyetlerini g\u00f6zlemlemeye, bunlara kat\u0131lmaya ve\/veya izlemeye ve y\u00f6nlendirmeye te\u015fvik ediyoruz.<\/p><p>arkpres.com 13 ya\u015f\u0131n alt\u0131ndaki \u00e7ocuklardan bilerek herhangi bir Ki\u015fisel Tan\u0131mlanabilir Bilgi toplamaz. \u00c7ocu\u011funuzun web sitemizde bu t\u00fcr bir bilgi sa\u011flad\u0131\u011f\u0131n\u0131 d\u00fc\u015f\u00fcn\u00fcyorsan\u0131z, derhal bizimle ileti\u015fime ge\u00e7menizi \u015fiddetle tavsiye ederiz ve bu t\u00fcr bilgileri kay\u0131tlar\u0131m\u0131zdan derhal kald\u0131rmak i\u00e7in elimizden geleni yapaca\u011f\u0131z.<\/p><h3>Yaln\u0131zca \u00c7evrimi\u00e7i Gizlilik Politikas\u0131<\/h3><p>Bu gizlilik politikas\u0131 yaln\u0131zca \u00e7evrimi\u00e7i faaliyetlerimiz i\u00e7in ge\u00e7erlidir ve arkpres.com&#8217;da payla\u015ft\u0131klar\u0131 ve\/veya toplad\u0131klar\u0131 bilgilerle ilgili olarak web sitemizi ziyaret edenler i\u00e7in ge\u00e7erlidir. Bu politika, \u00e7evrimd\u0131\u015f\u0131 olarak veya bu web sitesi d\u0131\u015f\u0131ndaki kanallar arac\u0131l\u0131\u011f\u0131yla toplanan hi\u00e7bir bilgi i\u00e7in ge\u00e7erli de\u011fildir.<\/p><h2>R\u0131za<\/h2><p>Web sitemizi kullanarak, Gizlilik Politikam\u0131z\u0131 onaylam\u0131\u015f ve \u015eartlar ve Ko\u015fullar\u0131n\u0131 kabul etmi\u015f olursunuz.<\/p>\t\t\t\t\t\t\t\t<\/div>\n\t\t\t\t<\/div>\n\t\t\t\t\t<\/div>\n\t\t<\/div>\n\t\t\t\t\t<\/div>\n\t\t<\/section>\n\t\t\t\t<\/div>\n\t\t","protected":false},"excerpt":{"rendered":"<p>ARKPRES i\u00e7in GDPR Gizlilik Politikas\u0131 arkpres.com adresinden eri\u015filebilen ARKPRES&#8217;te ana \u00f6nceliklerimizden biri ziyaret\u00e7ilerimizin gizlili\u011fidir. Bu Gizlilik Politikas\u0131 belgesi, arkpres.com taraf\u0131ndan toplanan ve kaydedilen bilgi t\u00fcrlerini ve bunlar\u0131 nas\u0131l kulland\u0131\u011f\u0131m\u0131z\u0131 i\u00e7erir. Ek sorular\u0131n\u0131z varsa veya Gizlilik Politikam\u0131z hakk\u0131nda daha fazla bilgiye ihtiyac\u0131n\u0131z varsa, info@arkpres.com adresinden e-posta yoluyla bizimle ileti\u015fime ge\u00e7mekten \u00e7ekinmeyin. Genel Veri Koruma Y\u00f6netmeli\u011fi (GDPR) [&hellip;]<\/p>\n","protected":false},"author":1,"featured_media":4818,"parent":4807,"menu_order":38,"comment_status":"closed","ping_status":"closed","template":"","meta":{"_eb_attr":"","inline_featured_image":false,"footnotes":""},"class_list":["post-4817","page","type-page","status-publish","has-post-thumbnail","hentry"],"_links":{"self":[{"href":"https:\/\/arkpres.com\/tr\/wp-json\/wp\/v2\/pages\/4817","targetHints":{"allow":["GET"]}}],"collection":[{"href":"https:\/\/arkpres.com\/tr\/wp-json\/wp\/v2\/pages"}],"about":[{"href":"https:\/\/arkpres.com\/tr\/wp-json\/wp\/v2\/types\/page"}],"author":[{"embeddable":true,"href":"https:\/\/arkpres.com\/tr\/wp-json\/wp\/v2\/users\/1"}],"replies":[{"embeddable":true,"href":"https:\/\/arkpres.com\/tr\/wp-json\/wp\/v2\/comments?post=4817"}],"version-history":[{"count":0,"href":"https:\/\/arkpres.com\/tr\/wp-json\/wp\/v2\/pages\/4817\/revisions"}],"up":[{"embeddable":true,"href":"https:\/\/arkpres.com\/tr\/wp-json\/wp\/v2\/pages\/4807"}],"wp:featuredmedia":[{"embeddable":true,"href":"https:\/\/arkpres.com\/tr\/wp-json\/wp\/v2\/media\/4818"}],"wp:attachment":[{"href":"https:\/\/arkpres.com\/tr\/wp-json\/wp\/v2\/media?parent=4817"}],"curies":[{"name":"wp","href":"https:\/\/api.w.org\/{rel}","templated":true}]}}